{"id":29161,"date":"2026-04-02T19:54:54","date_gmt":"2026-04-02T16:54:54","guid":{"rendered":"http:\/\/new.ceasuri.md\/shop\/uncategorized\/edox-les-genevez-27016-37j-di\/"},"modified":"2026-04-20T00:18:55","modified_gmt":"2026-04-19T21:18:55","slug":"edox-les-genevez-27016-37j-di","status":"publish","type":"product","link":"https:\/\/ceasuri.md\/ru\/shop\/branduri\/edox\/edox-les-genevez-27016-37j-di\/","title":{"rendered":"\u0427\u0430\u0441\u044b EDOX LES GENEVEZ 27016-37J-DI"},"content":{"rendered":"<p><a><img \/><\/a><\/p>\n<p>Colec\u021bia Les Genevez este denumit\u0103 dup\u0103 comuna elve\u021bian\u0103 \u00een care Edox \u0219i-a mutat produc\u021bia \u00een 1983. Aceast\u0103 colec\u021bie include ceasuri pentru b\u0103rba\u021bi \u0219i femei cu carcase ultra-sub\u021biri.<\/p>\n<p>Grosimea carcasei este de numai 4,5 mm! Aceasta este grosimea standard a unui geam de fereastr\u0103, iar cadranul este \u00een stil minimalist. Rolul indicatoarelor orare este jucat de indici aplica\u021bi &#8211; liniu\u021be. La ora 12 se afl\u0103 logo-ul companiei, la ora 6 &#8211; numele colec\u021biei, deschiderea datei \u0219i inscrip\u021bia \u201eSwiss made\u201d. Ora este indicat\u0103 de dou\u0103 m\u00e2ini sub\u021biri. Cadranul este protejat de un cristal de safir, iar coroana miniatural\u0103 este aproape invizibil\u0103 pe carcas\u0103.<\/p>\n<p>Pe spatele carcasei sunt prezentate informa\u021bii tehnice despre ceas, precum \u0219i logo-ul companiei sub forma unei clepsidre.<\/p>\n<p>In interior se afl\u0103 o mi\u0219care ultra-sub\u021bire cu cuar\u021b, o dezvoltare intern\u0103 Edox care dateaz\u0103 de la mijlocul anilor &#8217;90.<\/p>","protected":false},"excerpt":{"rendered":"<p>Colec\u021bia Les Genevez este denumit\u0103 dup\u0103 comuna elve\u021bian\u0103 \u00een care Edox \u0219i-a mutat produc\u021bia \u00een 1983. Aceast\u0103 colec\u021bie include ceasuri pentru b\u0103rba\u021bi \u0219i femei cu carcase ultra-sub\u021biri. Grosimea carcasei este de numai 4,5 mm! Aceasta este grosimea standard a unui geam de fereastr\u0103, iar cadranul este \u00een stil minimalist. Rolul indicatoarelor orare este jucat de [&hellip;]<\/p>\n","protected":false},"featured_media":29162,"comment_status":"closed","ping_status":"open","template":"","meta":{"_acf_changed":false},"product_brand":[],"product_cat":[20,25,107],"product_tag":[],"class_list":{"0":"post-29161","1":"product","2":"type-product","3":"status-publish","4":"has-post-thumbnail","6":"product_cat-ceasuri-barbati","7":"product_cat-ceasuri-dama","8":"product_cat-edox","9":"pa_brand-edox","10":"pa_braslet-piele","11":"pa_corpus-33-mm","12":"pa_forma-rotund","13":"pa_funcii-data","14":"pa_garatia-24-luni","15":"pa_korpus-auriu","16":"pa_kvarc-quartz","17":"pa_material-otel-inoxidabil","18":"pa_mehanizm-quartz","19":"pa_remeshok-maro","20":"pa_steklo-cristal-safir","21":"pa_strana-elvetia","22":"pa_voda-3-atm","24":"first","25":"instock","26":"purchasable","27":"product-type-simple"},"acf":[],"_links":{"self":[{"href":"https:\/\/ceasuri.md\/ru\/wp-json\/wp\/v2\/product\/29161","targetHints":{"allow":["GET"]}}],"collection":[{"href":"https:\/\/ceasuri.md\/ru\/wp-json\/wp\/v2\/product"}],"about":[{"href":"https:\/\/ceasuri.md\/ru\/wp-json\/wp\/v2\/types\/product"}],"replies":[{"embeddable":true,"href":"https:\/\/ceasuri.md\/ru\/wp-json\/wp\/v2\/comments?post=29161"}],"wp:featuredmedia":[{"embeddable":true,"href":"https:\/\/ceasuri.md\/ru\/wp-json\/wp\/v2\/media\/29162"}],"wp:attachment":[{"href":"https:\/\/ceasuri.md\/ru\/wp-json\/wp\/v2\/media?parent=29161"}],"wp:term":[{"taxonomy":"product_brand","embeddable":true,"href":"https:\/\/ceasuri.md\/ru\/wp-json\/wp\/v2\/product_brand?post=29161"},{"taxonomy":"product_cat","embeddable":true,"href":"https:\/\/ceasuri.md\/ru\/wp-json\/wp\/v2\/product_cat?post=29161"},{"taxonomy":"product_tag","embeddable":true,"href":"https:\/\/ceasuri.md\/ru\/wp-json\/wp\/v2\/product_tag?post=29161"}],"curies":[{"name":"wp","href":"https:\/\/api.w.org\/{rel}","templated":true}]}}