{"id":29122,"date":"2026-04-02T19:54:54","date_gmt":"2026-04-02T16:54:54","guid":{"rendered":"http:\/\/new.ceasuri.md\/shop\/uncategorized\/edox-les-bemonts-27001-37jb-di\/"},"modified":"2026-04-07T03:05:54","modified_gmt":"2026-04-07T00:05:54","slug":"edox-les-bemonts-27001-37jb-di","status":"publish","type":"product","link":"https:\/\/ceasuri.md\/ru\/shop\/branduri\/edox\/edox-les-bemonts-27001-37jb-di\/","title":{"rendered":"Ceas EDOX LES BEMONTS 27001-37JB-DI"},"content":{"rendered":"<p><a href=\"\"https:><img decoding=\"async\" class=\"\"alignnone size-full wp-image-40063\"\" src=\"\"https:><\/a><\/p>\n<p>Les B\u00e9monts este o p\u0103dure pitoreasc\u0103 la doar c\u00e2\u021biva metri de fabrica EDOX. Colec\u021bia de ceasuri este caracterizat\u0103 de un design clasic, cu linii curate \u0219i atemporale.<\/p>\n<p>Modelele din linia Les B\u00e9monts utilizeaz\u0103 mi\u0219c\u0103ri elve\u021biene de \u00eenalt\u0103 calitate, de la cronograf automat la cuar\u021b ultra-sub\u021bire.<\/p>\n<p>Primul ceas ultra-sub\u021bire Les B\u00e9monts, lansat \u00een 1998, de\u021bine \u00eenc\u0103 recordul (1,4 mm) pentru cea mai sub\u021bire mi\u0219care calendaristic\u0103 din lume. Cu o \u00een\u0103l\u021bime a carcasei de doar 6,2 mm, noile modele sunt u\u0219oare \u0219i surprinz\u0103tor de confortabile la \u00eencheietura m\u00e2inii. Perfect pentru stilul business.<\/p>\n<p>Intreaga colec\u021bie, de la designul original desenat p\u00e2n\u0103 la cele construite manual, reflect\u0103 angajamentul Edox fa\u021b\u0103 de me\u0219te\u0219ugul atemporal \u0219i inova\u021bia constant\u0103.<\/p>","protected":false},"excerpt":{"rendered":"<p>Les B\u00e9monts este o p\u0103dure pitoreasc\u0103 la doar c\u00e2\u021biva metri de fabrica EDOX. Colec\u021bia de ceasuri este caracterizat\u0103 de un design clasic, cu linii curate \u0219i atemporale. Modelele din linia Les B\u00e9monts utilizeaz\u0103 mi\u0219c\u0103ri elve\u021biene de \u00eenalt\u0103 calitate, de la cronograf automat la cuar\u021b ultra-sub\u021bire. Primul ceas ultra-sub\u021bire Les B\u00e9monts, lansat \u00een 1998, de\u021bine \u00eenc\u0103 [&hellip;]<\/p>\n","protected":false},"featured_media":29123,"comment_status":"closed","ping_status":"open","template":"","meta":{"_acf_changed":false},"product_brand":[],"product_cat":[25,106,107],"product_tag":[],"class_list":{"0":"post-29122","1":"product","2":"type-product","3":"status-publish","4":"has-post-thumbnail","6":"product_cat-ceasuri-dama","7":"product_cat-ceasuri-premium","8":"product_cat-edox","9":"pa_brand-edox","10":"pa_braslet-otel-inoxidabil","11":"pa_corpus-35-mm","12":"pa_forma-rotund","13":"pa_funcii-data","14":"pa_garatia-24-luni","15":"pa_korpus-auriu","16":"pa_material-otel-inoxidabil","17":"pa_mehanizm-quartz","18":"pa_remeshok-auriu","19":"pa_steklo-cristal-safir","20":"pa_strana-elvetia","21":"pa_voda-3-atm","23":"first","24":"instock","25":"purchasable","26":"product-type-simple"},"acf":[],"_links":{"self":[{"href":"https:\/\/ceasuri.md\/ru\/wp-json\/wp\/v2\/product\/29122","targetHints":{"allow":["GET"]}}],"collection":[{"href":"https:\/\/ceasuri.md\/ru\/wp-json\/wp\/v2\/product"}],"about":[{"href":"https:\/\/ceasuri.md\/ru\/wp-json\/wp\/v2\/types\/product"}],"replies":[{"embeddable":true,"href":"https:\/\/ceasuri.md\/ru\/wp-json\/wp\/v2\/comments?post=29122"}],"wp:featuredmedia":[{"embeddable":true,"href":"https:\/\/ceasuri.md\/ru\/wp-json\/wp\/v2\/media\/29123"}],"wp:attachment":[{"href":"https:\/\/ceasuri.md\/ru\/wp-json\/wp\/v2\/media?parent=29122"}],"wp:term":[{"taxonomy":"product_brand","embeddable":true,"href":"https:\/\/ceasuri.md\/ru\/wp-json\/wp\/v2\/product_brand?post=29122"},{"taxonomy":"product_cat","embeddable":true,"href":"https:\/\/ceasuri.md\/ru\/wp-json\/wp\/v2\/product_cat?post=29122"},{"taxonomy":"product_tag","embeddable":true,"href":"https:\/\/ceasuri.md\/ru\/wp-json\/wp\/v2\/product_tag?post=29122"}],"curies":[{"name":"wp","href":"https:\/\/api.w.org\/{rel}","templated":true}]}}