{"id":28923,"date":"2026-04-02T19:53:07","date_gmt":"2026-04-02T16:53:07","guid":{"rendered":"http:\/\/new.ceasuri.md\/shop\/uncategorized\/edox-les-classiques-20056-37jp-abd\/"},"modified":"2026-04-15T16:14:30","modified_gmt":"2026-04-15T13:14:30","slug":"edox-les-classiques-20056-37jp-abd","status":"publish","type":"product","link":"https:\/\/ceasuri.md\/ru\/shop\/branduri\/edox\/edox-les-classiques-20056-37jp-abd\/","title":{"rendered":"Ceas EDOX LES CLASSIQUES 20056-37JP-ABD"},"content":{"rendered":"<p><a href=\"\"https:><img decoding=\"async\" class=\"\"alignnone size-medium wp-image-40065\"\" src=\"\"https:><\/a><\/p>\n<p>Ceasurile Edox sunt un reprezentant exemplar al clasei &#8221;medium-luxury&#8221;, combin\u00e2nd componentele unui ceas de lux cu un pre\u021b moderat.<\/p>\n<p>Intotdeauna elegante \u0219i func\u021bionale, colec\u021biile brandului \u00eenc\u00e2nt\u0103 prin diversitatea lor.<\/p>\n<p>Arsenalul Edox include ceasuri realizate din aliaje de titan, ceramic\u0103 \u0219i fibr\u0103 de carbon forjat\u0103.<\/p>","protected":false},"excerpt":{"rendered":"<p>Ceasurile Edox sunt un reprezentant exemplar al clasei &#8221;medium-luxury&#8221;, combin\u00e2nd componentele unui ceas de lux cu un pre\u021b moderat. Intotdeauna elegante \u0219i func\u021bionale, colec\u021biile brandului \u00eenc\u00e2nt\u0103 prin diversitatea lor. Arsenalul Edox include ceasuri realizate din aliaje de titan, ceramic\u0103 \u0219i fibr\u0103 de carbon forjat\u0103.<\/p>","protected":false},"featured_media":28924,"comment_status":"closed","ping_status":"open","template":"","meta":{"_acf_changed":false},"product_brand":[],"product_cat":[25,107],"product_tag":[],"class_list":{"0":"post-28923","1":"product","2":"type-product","3":"status-publish","4":"has-post-thumbnail","6":"product_cat-ceasuri-dama","7":"product_cat-edox","8":"pa_brand-edox","9":"pa_braslet-piele","10":"pa_corpus-20-mm","11":"pa_forma-dreptunghiular","12":"pa_garatia-24-luni","13":"pa_korpus-auriu","14":"pa_kvarc-quartz","15":"pa_material-otel-inoxidabil","16":"pa_mehanizm-quartz","17":"pa_remeshok-maro","18":"pa_steklo-cristal-safir","19":"pa_strana-elvetia","20":"pa_voda-3-atm","22":"first","23":"instock","24":"purchasable","25":"product-type-simple"},"acf":[],"_links":{"self":[{"href":"https:\/\/ceasuri.md\/ru\/wp-json\/wp\/v2\/product\/28923","targetHints":{"allow":["GET"]}}],"collection":[{"href":"https:\/\/ceasuri.md\/ru\/wp-json\/wp\/v2\/product"}],"about":[{"href":"https:\/\/ceasuri.md\/ru\/wp-json\/wp\/v2\/types\/product"}],"replies":[{"embeddable":true,"href":"https:\/\/ceasuri.md\/ru\/wp-json\/wp\/v2\/comments?post=28923"}],"wp:featuredmedia":[{"embeddable":true,"href":"https:\/\/ceasuri.md\/ru\/wp-json\/wp\/v2\/media\/28924"}],"wp:attachment":[{"href":"https:\/\/ceasuri.md\/ru\/wp-json\/wp\/v2\/media?parent=28923"}],"wp:term":[{"taxonomy":"product_brand","embeddable":true,"href":"https:\/\/ceasuri.md\/ru\/wp-json\/wp\/v2\/product_brand?post=28923"},{"taxonomy":"product_cat","embeddable":true,"href":"https:\/\/ceasuri.md\/ru\/wp-json\/wp\/v2\/product_cat?post=28923"},{"taxonomy":"product_tag","embeddable":true,"href":"https:\/\/ceasuri.md\/ru\/wp-json\/wp\/v2\/product_tag?post=28923"}],"curies":[{"name":"wp","href":"https:\/\/api.w.org\/{rel}","templated":true}]}}