{"id":28917,"date":"2020-11-30T21:55:00","date_gmt":"2020-11-30T19:55:00","guid":{"rendered":"http:\/\/new.ceasuri.md\/shop\/uncategorized\/jacques-lemans-isee-energywatch-i-101a\/"},"modified":"2026-05-01T14:15:13","modified_gmt":"2026-05-01T11:15:13","slug":"jacques-lemans-isee-energywatch-i-101a","status":"publish","type":"product","link":"https:\/\/ceasuri.md\/ru\/shop\/branduri\/jacques-lemans\/jacques-lemans-isee-energywatch-i-101a\/","title":{"rendered":"\u0427\u0430\u0441\u044b JACQUES LEMANS ISEE ENERGYWATCH i-101A"},"content":{"rendered":"<p>Ceasul de m\u00e2n\u0103 Jacques Lemans ISEE ENERGYWATCH v\u0103 sus\u021bine calitatea somnului. Aproximativ 50% dintre persoanele din \u00eentreaga lume sufer\u0103 de tulbur\u0103ri de somn.<\/p>\n<p>Cercet\u0103rile \u0219tiin\u021bifice efectuate la ISIS (Institutul de Somnologie \u0219i Cercetare Interdisciplinar\u0103 a Somnului) din M\u00fcnster, Germania, confirm\u0103 faptul c\u0103 ISEE ENERGYWATCH este un instrument activ pentru sus\u021binerea unui somn rapid. Purtarea unui Jacques Lemans ISEE ENERGYWATCH v\u0103 ajut\u0103 s\u0103 adormi\u021bi u\u0219or.<\/p>\n<p>ISEE ENERGYWATCH promoveaz\u0103 cre\u0219terea stoc\u0103rii de energie. De exemplu, mul\u021bi sportivi vor aprecia foarte mult ceasul ISEE ENERGYWATCH, deoarece timpul de recuperare dup\u0103 antrenamentele istovitoare este redus semnificativ.<\/p>\n<p>Elementul cip de pe partea din spate a ISEE ENERGYWATCH este fabricat din o\u021bel inoxidabil de calitate medical\u0103 \u0219i carbon. Prin tehnologia YCTinside, frecven\u021bele universale transmit biofotonii prin vibra\u021bii electromagnetice. Corpul uman este sus\u021binut de aceste impulsuri electromagnetice pozitive.<\/p>","protected":false},"excerpt":{"rendered":"<p>Ceasul de m\u00e2n\u0103 Jacques Lemans ISEE ENERGYWATCH v\u0103 sus\u021bine calitatea somnului. Aproximativ 50% dintre persoanele din \u00eentreaga lume sufer\u0103 de tulbur\u0103ri de somn. Cercet\u0103rile \u0219tiin\u021bifice efectuate la ISIS (Institutul de Somnologie \u0219i Cercetare Interdisciplinar\u0103 a Somnului) din M\u00fcnster, Germania, confirm\u0103 faptul c\u0103 ISEE ENERGYWATCH este un instrument activ pentru sus\u021binerea unui somn rapid. Purtarea unui [&hellip;]<\/p>\n","protected":false},"featured_media":28918,"comment_status":"closed","ping_status":"open","template":"","meta":{"_acf_changed":false},"product_brand":[],"product_cat":[25,206,26],"product_tag":[595,691,693,695,692],"class_list":{"0":"post-28917","1":"product","2":"type-product","3":"status-publish","4":"has-post-thumbnail","6":"product_cat-ceasuri-dama","7":"product_cat-jacques-lemans","8":"product_cat-sale-ceas-de-dama","9":"product_tag-cronograf","10":"product_tag-691","11":"product_tag-693","12":"product_tag-695","13":"product_tag-692","14":"pa_brand-jacques-lemans","15":"pa_braslet-piele","16":"pa_corpus-34-mm","17":"pa_forma-rotund","18":"pa_funcii-data","19":"pa_funcii-somn-imbunatatit","20":"pa_garatia-6-luni","21":"pa_korpus-argintiu","22":"pa_material-otel-inoxidabil","23":"pa_mehanizm-mecanic","24":"pa_mehanizm-mecanism-automatic","25":"pa_remeshok-negru","26":"pa_steklo-cristal-mineral","27":"pa_strana-austria","28":"pa_voda-10-atm","30":"first","31":"instock","32":"sale","33":"purchasable","34":"product-type-simple"},"acf":[],"_links":{"self":[{"href":"https:\/\/ceasuri.md\/ru\/wp-json\/wp\/v2\/product\/28917","targetHints":{"allow":["GET"]}}],"collection":[{"href":"https:\/\/ceasuri.md\/ru\/wp-json\/wp\/v2\/product"}],"about":[{"href":"https:\/\/ceasuri.md\/ru\/wp-json\/wp\/v2\/types\/product"}],"replies":[{"embeddable":true,"href":"https:\/\/ceasuri.md\/ru\/wp-json\/wp\/v2\/comments?post=28917"}],"wp:featuredmedia":[{"embeddable":true,"href":"https:\/\/ceasuri.md\/ru\/wp-json\/wp\/v2\/media\/28918"}],"wp:attachment":[{"href":"https:\/\/ceasuri.md\/ru\/wp-json\/wp\/v2\/media?parent=28917"}],"wp:term":[{"taxonomy":"product_brand","embeddable":true,"href":"https:\/\/ceasuri.md\/ru\/wp-json\/wp\/v2\/product_brand?post=28917"},{"taxonomy":"product_cat","embeddable":true,"href":"https:\/\/ceasuri.md\/ru\/wp-json\/wp\/v2\/product_cat?post=28917"},{"taxonomy":"product_tag","embeddable":true,"href":"https:\/\/ceasuri.md\/ru\/wp-json\/wp\/v2\/product_tag?post=28917"}],"curies":[{"name":"wp","href":"https:\/\/api.w.org\/{rel}","templated":true}]}}