{"id":28865,"date":"2026-04-02T19:52:43","date_gmt":"2026-04-02T16:52:43","guid":{"rendered":"http:\/\/new.ceasuri.md\/shop\/uncategorized\/everswiss-1620-gts\/"},"modified":"2026-04-07T03:04:36","modified_gmt":"2026-04-07T00:04:36","slug":"everswiss-1620-gts","status":"publish","type":"product","link":"https:\/\/ceasuri.md\/ru\/shop\/branduri\/everswiss\/everswiss-1620-gts\/","title":{"rendered":"Ceas EVERSWISS 1620-GTS"},"content":{"rendered":"<p>Numele m\u0103rcii EverSwiss reflect\u0103 principiul principal al companiei: &#8222;\u00centotdeauna calitate elve\u021bian\u0103 pentru bani rezonabili&#8221;.<\/p>\n<p>Ceasurile EverSwiss sunt fabricate folosind o\u021bel inoxidabil 316L (standardul f\u0103r\u0103 nichel al Uniunii Europene, ceea ce \u00eenseamn\u0103 c\u0103 nu exist\u0103 nichel \u00een o\u021bel), se folose\u0219te tehnologia de acoperire IPG\/PVD, care se caracterizeaz\u0103 prin durabilitate, iar toate modelele sunt echipate cu mi\u0219c\u0103ri elve\u021biene Ronda de precizie de \u00eenalt\u0103 calitate.<\/p>","protected":false},"excerpt":{"rendered":"<p>Numele m\u0103rcii EverSwiss reflect\u0103 principiul principal al companiei: &#8222;\u00centotdeauna calitate elve\u021bian\u0103 pentru bani rezonabili&#8221;. Ceasurile EverSwiss sunt fabricate folosind o\u021bel inoxidabil 316L (standardul f\u0103r\u0103 nichel al Uniunii Europene, ceea ce \u00eenseamn\u0103 c\u0103 nu exist\u0103 nichel \u00een o\u021bel), se folose\u0219te tehnologia de acoperire IPG\/PVD, care se caracterizeaz\u0103 prin durabilitate, iar toate modelele sunt echipate cu mi\u0219c\u0103ri [&hellip;]<\/p>\n","protected":false},"featured_media":28866,"comment_status":"closed","ping_status":"open","template":"","meta":{"_acf_changed":false},"product_brand":[],"product_cat":[20,251,23],"product_tag":[],"class_list":{"0":"post-28865","1":"product","2":"type-product","3":"status-publish","4":"has-post-thumbnail","6":"product_cat-ceasuri-barbati","7":"product_cat-everswiss","8":"product_cat-sale-ceasuri-barbati","9":"pa_brand-everswiss","10":"pa_braslet-otel-inoxidabil","11":"pa_corpus-32x41mm","12":"pa_forma-butoi","13":"pa_funcii-data","14":"pa_garatia-6-luni","15":"pa_korpus-argintiu","16":"pa_material-otel-inoxidabil","17":"pa_mehanizm-quartz","18":"pa_remeshok-bicolor","19":"pa_steklo-cristal-mineral","20":"pa_strana-elvetia","21":"pa_voda-3-atm","23":"first","24":"instock","25":"sale","26":"purchasable","27":"product-type-simple"},"acf":[],"_links":{"self":[{"href":"https:\/\/ceasuri.md\/ru\/wp-json\/wp\/v2\/product\/28865","targetHints":{"allow":["GET"]}}],"collection":[{"href":"https:\/\/ceasuri.md\/ru\/wp-json\/wp\/v2\/product"}],"about":[{"href":"https:\/\/ceasuri.md\/ru\/wp-json\/wp\/v2\/types\/product"}],"replies":[{"embeddable":true,"href":"https:\/\/ceasuri.md\/ru\/wp-json\/wp\/v2\/comments?post=28865"}],"wp:featuredmedia":[{"embeddable":true,"href":"https:\/\/ceasuri.md\/ru\/wp-json\/wp\/v2\/media\/28866"}],"wp:attachment":[{"href":"https:\/\/ceasuri.md\/ru\/wp-json\/wp\/v2\/media?parent=28865"}],"wp:term":[{"taxonomy":"product_brand","embeddable":true,"href":"https:\/\/ceasuri.md\/ru\/wp-json\/wp\/v2\/product_brand?post=28865"},{"taxonomy":"product_cat","embeddable":true,"href":"https:\/\/ceasuri.md\/ru\/wp-json\/wp\/v2\/product_cat?post=28865"},{"taxonomy":"product_tag","embeddable":true,"href":"https:\/\/ceasuri.md\/ru\/wp-json\/wp\/v2\/product_tag?post=28865"}],"curies":[{"name":"wp","href":"https:\/\/api.w.org\/{rel}","templated":true}]}}