{"id":28534,"date":"2026-04-02T19:49:56","date_gmt":"2026-04-02T16:49:56","guid":{"rendered":"http:\/\/new.ceasuri.md\/shop\/uncategorized\/jacques-lemans-classic-1-1266a\/"},"modified":"2026-04-07T03:02:57","modified_gmt":"2026-04-07T00:02:57","slug":"jacques-lemans-classic-1-1266a","status":"publish","type":"product","link":"https:\/\/ceasuri.md\/ru\/shop\/branduri\/jacques-lemans\/jacques-lemans-classic-1-1266a\/","title":{"rendered":"Ceas JACQUES LEMANS CLASSIC 1-1266A"},"content":{"rendered":"<p>Ceasurile Jacques Lemans sunt pentru cei care caut\u0103 cea mai \u00eenalt\u0103 calitate, dar nu simt nevoia s\u0103 pl\u0103teasc\u0103 prea mult pentru un nume de marc\u0103 sau un design la mod\u0103. Jacques Lemans a aderat \u00eentotdeauna la principiul: \u201eCalitate ridicat\u0103 la un pre\u021b rezonabil\u201d.<\/p>\n<p>Combina\u021bia reu\u0219it\u0103 de mecanisme bine func\u021bionale, costuri adecvate \u0219i design elegant permite m\u0103rcii s\u0103 concureze de la egal la egal cu multe companii orologere celebre.<\/p>\n<p>Colec\u021bia Classic include numeroase modele cu design tradi\u021bional \u0219i atemporal. Carcasele sunt realizate din o\u021bel inoxidabil durabil \u0219i completate de curele din piele premium, br\u0103\u021b\u0103ri din o\u021bel inoxidabil sau ceramic\u0103.<\/p>","protected":false},"excerpt":{"rendered":"<p>Ceasurile Jacques Lemans sunt pentru cei care caut\u0103 cea mai \u00eenalt\u0103 calitate, dar nu simt nevoia s\u0103 pl\u0103teasc\u0103 prea mult pentru un nume de marc\u0103 sau un design la mod\u0103. Jacques Lemans a aderat \u00eentotdeauna la principiul: \u201eCalitate ridicat\u0103 la un pre\u021b rezonabil\u201d. Combina\u021bia reu\u0219it\u0103 de mecanisme bine func\u021bionale, costuri adecvate \u0219i design elegant permite [&hellip;]<\/p>\n","protected":false},"featured_media":28535,"comment_status":"closed","ping_status":"open","template":"","meta":{"_acf_changed":false},"product_brand":[],"product_cat":[20,206,23],"product_tag":[],"class_list":{"0":"post-28534","1":"product","2":"type-product","3":"status-publish","4":"has-post-thumbnail","6":"product_cat-ceasuri-barbati","7":"product_cat-jacques-lemans","8":"product_cat-sale-ceasuri-barbati","9":"pa_brand-jacques-lemans","10":"pa_braslet-piele","11":"pa_corpus-37-mm","12":"pa_forma-dreptunghiular","13":"pa_funcii-data","14":"pa_funcii-dual-time","15":"pa_garatia-6-luni","16":"pa_korpus-argintiu","17":"pa_material-otel-inoxidabil","18":"pa_mehanizm-quartz","19":"pa_remeshok-negru","20":"pa_steklo-cristal-mineral","21":"pa_strana-austria","22":"pa_voda-3-atm","24":"first","25":"instock","26":"sale","27":"purchasable","28":"product-type-simple"},"acf":[],"_links":{"self":[{"href":"https:\/\/ceasuri.md\/ru\/wp-json\/wp\/v2\/product\/28534","targetHints":{"allow":["GET"]}}],"collection":[{"href":"https:\/\/ceasuri.md\/ru\/wp-json\/wp\/v2\/product"}],"about":[{"href":"https:\/\/ceasuri.md\/ru\/wp-json\/wp\/v2\/types\/product"}],"replies":[{"embeddable":true,"href":"https:\/\/ceasuri.md\/ru\/wp-json\/wp\/v2\/comments?post=28534"}],"wp:featuredmedia":[{"embeddable":true,"href":"https:\/\/ceasuri.md\/ru\/wp-json\/wp\/v2\/media\/28535"}],"wp:attachment":[{"href":"https:\/\/ceasuri.md\/ru\/wp-json\/wp\/v2\/media?parent=28534"}],"wp:term":[{"taxonomy":"product_brand","embeddable":true,"href":"https:\/\/ceasuri.md\/ru\/wp-json\/wp\/v2\/product_brand?post=28534"},{"taxonomy":"product_cat","embeddable":true,"href":"https:\/\/ceasuri.md\/ru\/wp-json\/wp\/v2\/product_cat?post=28534"},{"taxonomy":"product_tag","embeddable":true,"href":"https:\/\/ceasuri.md\/ru\/wp-json\/wp\/v2\/product_tag?post=28534"}],"curies":[{"name":"wp","href":"https:\/\/api.w.org\/{rel}","templated":true}]}}