{"id":28514,"date":"2026-04-02T19:49:56","date_gmt":"2026-04-02T16:49:56","guid":{"rendered":"http:\/\/new.ceasuri.md\/shop\/uncategorized\/cover-gardien-limited-edition-11-st1lbk\/"},"modified":"2026-04-20T01:04:55","modified_gmt":"2026-04-19T22:04:55","slug":"cover-gardien-limited-edition-11-st1lbk","status":"publish","type":"product","link":"https:\/\/ceasuri.md\/ru\/shop\/branduri\/cover\/cover-gardien-limited-edition-11-st1lbk\/","title":{"rendered":"\u0427\u0430\u0441\u044b COVER GARDIEN LIMITED EDITION 11.ST1LBK"},"content":{"rendered":"<p>Carcasa acestui ceas este fabricat\u0103 din o\u021bel inoxidabil de \u00eenalt\u0103 calitate 316L (o\u021bel medical). Acest aliaj este rezistent la coroziune \u0219i nu provoac\u0103 alergii.<\/p>\n<p>Acoperirea par\u021bial\u0103 PVD-titan carbur\u0103 de titan face acest model mai elegant \u0219i mai atractiv.<\/p>\n<p>Compusul care absoarbe lumina aplicat pe m\u00e2ini faciliteaz\u0103 citirea orei \u00een \u00eentuneric.<\/p>\n<p>Indicatorul retrograd al zilei s\u0103pt\u0103m\u00e2nii adaug\u0103 o not\u0103 de originalitate cadranului.<\/p>\n<p>Cristalul de safir are o duritate de 9 din 10 pe scara de duritate Mohs \u0219i este practic rezistent la zg\u00e2rieturi.<\/p>\n<p>Rezisten\u021ba la ap\u0103 declarat\u0103 a acestui model este de 100 m.<\/p>","protected":false},"excerpt":{"rendered":"<p>Carcasa acestui ceas este fabricat\u0103 din o\u021bel inoxidabil de \u00eenalt\u0103 calitate 316L (o\u021bel medical). Acest aliaj este rezistent la coroziune \u0219i nu provoac\u0103 alergii. Acoperirea par\u021bial\u0103 PVD-titan carbur\u0103 de titan face acest model mai elegant \u0219i mai atractiv. Compusul care absoarbe lumina aplicat pe m\u00e2ini faciliteaz\u0103 citirea orei \u00een \u00eentuneric. Indicatorul retrograd al zilei s\u0103pt\u0103m\u00e2nii [&hellip;]<\/p>\n","protected":false},"featured_media":28515,"comment_status":"closed","ping_status":"open","template":"","meta":{"_acf_changed":false},"product_brand":[],"product_cat":[20,106,204,205],"product_tag":[595,691,692],"class_list":{"0":"post-28514","1":"product","2":"type-product","3":"status-publish","4":"has-post-thumbnail","6":"product_cat-ceasuri-barbati","7":"product_cat-ceasuri-premium","8":"product_cat-cover","9":"product_cat-limited-edition","10":"product_tag-cronograf","11":"product_tag-691","12":"product_tag-692","13":"pa_brand-cover","14":"pa_braslet-piele","15":"pa_corpus-45-mm","16":"pa_forma-rotund","17":"pa_funcii-cronograf","18":"pa_funcii-data","19":"pa_funcii-limited-edition","20":"pa_funcii-set-cadou","21":"pa_funcii-ziua-saptamanii","22":"pa_garatia-24-luni","23":"pa_korpus-argintiu","24":"pa_korpus-negru","25":"pa_kvarc-quartz","26":"pa_material-otel-inoxidabil","27":"pa_mehanizm-quartz","28":"pa_remeshok-negru","29":"pa_steklo-cristal-safir","30":"pa_strana-elvetia","31":"pa_voda-10-atm","33":"first","34":"instock","35":"purchasable","36":"product-type-simple"},"acf":[],"_links":{"self":[{"href":"https:\/\/ceasuri.md\/ru\/wp-json\/wp\/v2\/product\/28514","targetHints":{"allow":["GET"]}}],"collection":[{"href":"https:\/\/ceasuri.md\/ru\/wp-json\/wp\/v2\/product"}],"about":[{"href":"https:\/\/ceasuri.md\/ru\/wp-json\/wp\/v2\/types\/product"}],"replies":[{"embeddable":true,"href":"https:\/\/ceasuri.md\/ru\/wp-json\/wp\/v2\/comments?post=28514"}],"wp:featuredmedia":[{"embeddable":true,"href":"https:\/\/ceasuri.md\/ru\/wp-json\/wp\/v2\/media\/28515"}],"wp:attachment":[{"href":"https:\/\/ceasuri.md\/ru\/wp-json\/wp\/v2\/media?parent=28514"}],"wp:term":[{"taxonomy":"product_brand","embeddable":true,"href":"https:\/\/ceasuri.md\/ru\/wp-json\/wp\/v2\/product_brand?post=28514"},{"taxonomy":"product_cat","embeddable":true,"href":"https:\/\/ceasuri.md\/ru\/wp-json\/wp\/v2\/product_cat?post=28514"},{"taxonomy":"product_tag","embeddable":true,"href":"https:\/\/ceasuri.md\/ru\/wp-json\/wp\/v2\/product_tag?post=28514"}],"curies":[{"name":"wp","href":"https:\/\/api.w.org\/{rel}","templated":true}]}}