{"id":28498,"date":"2026-04-02T19:49:56","date_gmt":"2026-04-02T16:49:56","guid":{"rendered":"http:\/\/new.ceasuri.md\/shop\/uncategorized\/edox-class-1-chronograph-10403-37n-nin\/"},"modified":"2026-04-07T03:02:48","modified_gmt":"2026-04-07T00:02:48","slug":"edox-class-1-chronograph-10403-37n-nin","status":"publish","type":"product","link":"https:\/\/ceasuri.md\/ru\/shop\/branduri\/edox\/edox-class-1-chronograph-10403-37n-nin\/","title":{"rendered":"Ceas EDOX CLASS 1 CHRONOGRAPH 10403-37N-NIN"},"content":{"rendered":"<p><a href=\"\"https:><img decoding=\"async\" class=\"\"alignnone size-medium wp-image-40065\"\" src=\"\"https:><\/a><\/p>\n<p>Edox Class 1 Chronograph 10403 37N NIN este un cronograf spectaculos \u0219i sportiv (quartz Swiss-made) pentru femei.<\/p>\n<p>Ceasul este robust \u0219i poate face fa\u021b\u0103 aproape oric\u0103rei situa\u021bii datorit\u0103 rezisten\u021bei sale la ap\u0103 p\u00e2n\u0103 la 300 de metri, curelei confortabile din cauciuc \u0219i, bine\u00een\u021beles, cristalului de safir.<\/p>\n<p>Pe l\u00e2ng\u0103 caracteristicile excelente, acesta este, de asemenea, un ceas incredibil de cool, frumos, care va ar\u0103ta spectaculos!<\/p>","protected":false},"excerpt":{"rendered":"<p>Edox Class 1 Chronograph 10403 37N NIN este un cronograf spectaculos \u0219i sportiv (quartz Swiss-made) pentru femei. Ceasul este robust \u0219i poate face fa\u021b\u0103 aproape oric\u0103rei situa\u021bii datorit\u0103 rezisten\u021bei sale la ap\u0103 p\u00e2n\u0103 la 300 de metri, curelei confortabile din cauciuc \u0219i, bine\u00een\u021beles, cristalului de safir. Pe l\u00e2ng\u0103 caracteristicile excelente, acesta este, de asemenea, un [&hellip;]<\/p>\n","protected":false},"featured_media":28499,"comment_status":"closed","ping_status":"open","template":"","meta":{"_acf_changed":false},"product_brand":[],"product_cat":[25,106,107],"product_tag":[],"class_list":{"0":"post-28498","1":"product","2":"type-product","3":"status-publish","4":"has-post-thumbnail","6":"product_cat-ceasuri-dama","7":"product_cat-ceasuri-premium","8":"product_cat-edox","9":"pa_brand-edox","10":"pa_braslet-cauciuc","11":"pa_corpus-38-mm","12":"pa_forma-rotund","13":"pa_funcii-cronograf","14":"pa_funcii-data","15":"pa_garatia-24-luni","16":"pa_korpus-negru","17":"pa_material-otel-inoxidabil","18":"pa_mehanizm-quartz","19":"pa_remeshok-negru","20":"pa_steklo-cristal-safir","21":"pa_strana-elvetia","22":"pa_voda-30-atm","24":"first","25":"instock","26":"purchasable","27":"product-type-simple"},"acf":[],"_links":{"self":[{"href":"https:\/\/ceasuri.md\/ru\/wp-json\/wp\/v2\/product\/28498","targetHints":{"allow":["GET"]}}],"collection":[{"href":"https:\/\/ceasuri.md\/ru\/wp-json\/wp\/v2\/product"}],"about":[{"href":"https:\/\/ceasuri.md\/ru\/wp-json\/wp\/v2\/types\/product"}],"replies":[{"embeddable":true,"href":"https:\/\/ceasuri.md\/ru\/wp-json\/wp\/v2\/comments?post=28498"}],"wp:featuredmedia":[{"embeddable":true,"href":"https:\/\/ceasuri.md\/ru\/wp-json\/wp\/v2\/media\/28499"}],"wp:attachment":[{"href":"https:\/\/ceasuri.md\/ru\/wp-json\/wp\/v2\/media?parent=28498"}],"wp:term":[{"taxonomy":"product_brand","embeddable":true,"href":"https:\/\/ceasuri.md\/ru\/wp-json\/wp\/v2\/product_brand?post=28498"},{"taxonomy":"product_cat","embeddable":true,"href":"https:\/\/ceasuri.md\/ru\/wp-json\/wp\/v2\/product_cat?post=28498"},{"taxonomy":"product_tag","embeddable":true,"href":"https:\/\/ceasuri.md\/ru\/wp-json\/wp\/v2\/product_tag?post=28498"}],"curies":[{"name":"wp","href":"https:\/\/api.w.org\/{rel}","templated":true}]}}