{"id":28493,"date":"2026-04-02T19:49:56","date_gmt":"2026-04-02T16:49:56","guid":{"rendered":"http:\/\/new.ceasuri.md\/shop\/uncategorized\/edox-chronorally-10305-37n-nn\/"},"modified":"2026-04-20T00:18:31","modified_gmt":"2026-04-19T21:18:31","slug":"edox-chronorally-10305-37n-nn","status":"publish","type":"product","link":"https:\/\/ceasuri.md\/ru\/shop\/branduri\/edox\/edox-chronorally-10305-37n-nn\/","title":{"rendered":"\u0427\u0430\u0441\u044b EDOX CHRONORALLY 10305-37N-NN"},"content":{"rendered":"<p><a><img \/><\/a><\/p>\n<p>Toate echipamentele \u0219i echipamentele pilo\u021bilor trebuie s\u0103 fie suficient de rezistente pentru a rezista celor mai dure condi\u021bii: vitez\u0103, noroi, z\u0103pad\u0103, impact, c\u0103ldur\u0103 etc.<\/p>\n<p>Ceasurile Edox Chronorally au fost concepute \u0219i proiectate pentru a rezista celor mai extreme condi\u021bii.<\/p>\n<p>Curele de cauciuc durabile, carcase din o\u021bel inoxidabil \u0219i mi\u0219c\u0103ri fiabile. Multe func\u021bii, cum ar fi tahimetrul \u0219acal, afi\u0219ajul datei \u0219i cronograful. Buton de cronograf m\u0103rit, relief pe curea sub forma unei urme de anvelop\u0103 \u0219i capac spate sub forma unei ro\u021bi de ma\u0219in\u0103 de curse. Un design pentru adev\u0103ra\u021bii pasiona\u021bi de ma\u0219ini.<\/p>","protected":false},"excerpt":{"rendered":"<p>Toate echipamentele \u0219i echipamentele pilo\u021bilor trebuie s\u0103 fie suficient de rezistente pentru a rezista celor mai dure condi\u021bii: vitez\u0103, noroi, z\u0103pad\u0103, impact, c\u0103ldur\u0103 etc. Ceasurile Edox Chronorally au fost concepute \u0219i proiectate pentru a rezista celor mai extreme condi\u021bii. Curele de cauciuc durabile, carcase din o\u021bel inoxidabil \u0219i mi\u0219c\u0103ri fiabile. Multe func\u021bii, cum ar fi [&hellip;]<\/p>\n","protected":false},"featured_media":28494,"comment_status":"closed","ping_status":"open","template":"","meta":{"_acf_changed":false},"product_brand":[],"product_cat":[20,106,107],"product_tag":[],"class_list":{"0":"post-28493","1":"product","2":"type-product","3":"status-publish","4":"has-post-thumbnail","6":"product_cat-ceasuri-barbati","7":"product_cat-ceasuri-premium","8":"product_cat-edox","9":"pa_brand-edox","10":"pa_braslet-cauciuc","11":"pa_corpus-45-mm","12":"pa_forma-rotund","13":"pa_funcii-cronograf","14":"pa_funcii-data","15":"pa_funcii-tahimetru","16":"pa_garatia-24-luni","17":"pa_korpus-negru","18":"pa_kvarc-quartz","19":"pa_material-otel-inoxidabil","20":"pa_mehanizm-quartz","21":"pa_remeshok-negru","22":"pa_steklo-cristal-safir","23":"pa_strana-elvetia","24":"pa_voda-10-atm","26":"first","27":"instock","28":"purchasable","29":"product-type-simple"},"acf":[],"_links":{"self":[{"href":"https:\/\/ceasuri.md\/ru\/wp-json\/wp\/v2\/product\/28493","targetHints":{"allow":["GET"]}}],"collection":[{"href":"https:\/\/ceasuri.md\/ru\/wp-json\/wp\/v2\/product"}],"about":[{"href":"https:\/\/ceasuri.md\/ru\/wp-json\/wp\/v2\/types\/product"}],"replies":[{"embeddable":true,"href":"https:\/\/ceasuri.md\/ru\/wp-json\/wp\/v2\/comments?post=28493"}],"wp:featuredmedia":[{"embeddable":true,"href":"https:\/\/ceasuri.md\/ru\/wp-json\/wp\/v2\/media\/28494"}],"wp:attachment":[{"href":"https:\/\/ceasuri.md\/ru\/wp-json\/wp\/v2\/media?parent=28493"}],"wp:term":[{"taxonomy":"product_brand","embeddable":true,"href":"https:\/\/ceasuri.md\/ru\/wp-json\/wp\/v2\/product_brand?post=28493"},{"taxonomy":"product_cat","embeddable":true,"href":"https:\/\/ceasuri.md\/ru\/wp-json\/wp\/v2\/product_cat?post=28493"},{"taxonomy":"product_tag","embeddable":true,"href":"https:\/\/ceasuri.md\/ru\/wp-json\/wp\/v2\/product_tag?post=28493"}],"curies":[{"name":"wp","href":"https:\/\/api.w.org\/{rel}","templated":true}]}}