{"id":28386,"date":"2026-04-02T19:48:58","date_gmt":"2026-04-02T16:48:58","guid":{"rendered":"http:\/\/new.ceasuri.md\/shop\/uncategorized\/edox-delfin-10110-357rca-air\/"},"modified":"2026-04-20T00:18:27","modified_gmt":"2026-04-19T21:18:27","slug":"edox-delfin-10110-357rca-air","status":"publish","type":"product","link":"https:\/\/ceasuri.md\/ru\/shop\/branduri\/edox\/edox-delfin-10110-357rca-air\/","title":{"rendered":"\u0427\u0430\u0441\u044b EDOX DELFIN 10110-357RCA-AIR"},"content":{"rendered":"<p><a href=\"\/\/ceasuri.md\/wp-content\/uploads\/2021\/10\/delfin.png\u201e\u201d\"><img decoding=\"async\" class=\"\u201e\u201dalignnone\" src=\"\/\/ceasuri.md\/wp-content\/uploads\/2021\/10\/delfin.png\u201e\u201d\" alt=\"\u201e\u201d\u201e\u201d\" width=\"\u201e\u201d1826\u201e\u201d\" height=\"\u201e\u201d584\u201e\u201d\" \/><\/a><\/p>\n<p>Delfin avea s\u0103 fie primul dintre numeroasele modele Edox special concepute pentru sporturile marine, cum ar fi naviga\u021bia, scufund\u0103rile sau b\u0103rcile cu motor.<\/p>\n<p>Edox a stabilit noi standarde \u00een 1965 cu modelul Hydrosub, rezistent la ap\u0103 p\u00e2n\u0103 la 500 de metri, \u0219i a continuat s\u0103 v\u00e2nd\u0103 modele Delfin p\u00e2n\u0103 \u00een anii 1980.<\/p>\n<p>In 2013, Edox a re\u00eenviat modelul Delfin, p\u0103str\u00e2nd spiritul modelului original \u00eentr-o carcas\u0103 retro clasic\u0103, dar \u0219i baz\u00e2ndu-se pe o experien\u021b\u0103 de peste 50 de ani \u00een domeniul ceasurilor impermeabile.<\/p>","protected":false},"excerpt":{"rendered":"<p>Delfin avea s\u0103 fie primul dintre numeroasele modele Edox special concepute pentru sporturile marine, cum ar fi naviga\u021bia, scufund\u0103rile sau b\u0103rcile cu motor. Edox a stabilit noi standarde \u00een 1965 cu modelul Hydrosub, rezistent la ap\u0103 p\u00e2n\u0103 la 500 de metri, \u0219i a continuat s\u0103 v\u00e2nd\u0103 modele Delfin p\u00e2n\u0103 \u00een anii 1980. In 2013, Edox [&hellip;]<\/p>\n","protected":false},"featured_media":28387,"comment_status":"closed","ping_status":"open","template":"","meta":{"_acf_changed":false},"product_brand":[],"product_cat":[20,106,107],"product_tag":[],"class_list":{"0":"post-28386","1":"product","2":"type-product","3":"status-publish","4":"has-post-thumbnail","6":"product_cat-ceasuri-barbati","7":"product_cat-ceasuri-premium","8":"product_cat-edox","9":"pa_brand-edox","10":"pa_braslet-otel-inoxidabil","11":"pa_corpus-43-mm","12":"pa_forma-rotund","13":"pa_funcii-cronograf","14":"pa_funcii-data","15":"pa_garatia-24-luni","16":"pa_korpus-argintiu","17":"pa_kvarc-quartz","18":"pa_material-otel-inoxidabil","19":"pa_mehanizm-quartz","20":"pa_remeshok-negru","21":"pa_steklo-cristal-safir","22":"pa_strana-elvetia","23":"pa_voda-20-atm","25":"first","26":"instock","27":"purchasable","28":"product-type-simple"},"acf":[],"_links":{"self":[{"href":"https:\/\/ceasuri.md\/ru\/wp-json\/wp\/v2\/product\/28386","targetHints":{"allow":["GET"]}}],"collection":[{"href":"https:\/\/ceasuri.md\/ru\/wp-json\/wp\/v2\/product"}],"about":[{"href":"https:\/\/ceasuri.md\/ru\/wp-json\/wp\/v2\/types\/product"}],"replies":[{"embeddable":true,"href":"https:\/\/ceasuri.md\/ru\/wp-json\/wp\/v2\/comments?post=28386"}],"wp:featuredmedia":[{"embeddable":true,"href":"https:\/\/ceasuri.md\/ru\/wp-json\/wp\/v2\/media\/28387"}],"wp:attachment":[{"href":"https:\/\/ceasuri.md\/ru\/wp-json\/wp\/v2\/media?parent=28386"}],"wp:term":[{"taxonomy":"product_brand","embeddable":true,"href":"https:\/\/ceasuri.md\/ru\/wp-json\/wp\/v2\/product_brand?post=28386"},{"taxonomy":"product_cat","embeddable":true,"href":"https:\/\/ceasuri.md\/ru\/wp-json\/wp\/v2\/product_cat?post=28386"},{"taxonomy":"product_tag","embeddable":true,"href":"https:\/\/ceasuri.md\/ru\/wp-json\/wp\/v2\/product_tag?post=28386"}],"curies":[{"name":"wp","href":"https:\/\/api.w.org\/{rel}","templated":true}]}}