{"id":28329,"date":"2026-04-02T19:48:43","date_gmt":"2026-04-02T16:48:43","guid":{"rendered":"http:\/\/new.ceasuri.md\/shop\/uncategorized\/edox-class-1-10012-3n-nin\/"},"modified":"2026-04-17T13:22:38","modified_gmt":"2026-04-17T10:22:38","slug":"edox-class-1-10012-3n-nin","status":"publish","type":"product","link":"https:\/\/ceasuri.md\/ru\/shop\/branduri\/edox\/edox-class-1-10012-3n-nin\/","title":{"rendered":"Ceas EDOX CLASS 1  10012-3N-NIN"},"content":{"rendered":"<p><a><img \/><\/a><\/p>\n<p>Materialele de prim\u0103 clas\u0103, cele mai moderne \u0219i mai recente tehnologii ale companiei sunt utilizate \u00een ceasurile Edox Class 1.<\/p>\n<p>Mai presus de toate, acesta este un ceas unic \u0219i \u00een edi\u021bie limitat\u0103 pentru adev\u0103ra\u021bii fani ai artei mecanice elve\u021biene. \u00cen fiecare zi, num\u0103rul 1 &#8211; singurul marker digital &#8211; v\u0103 va aminti acest lucru.<\/p>\n<p>Fii primul \u00een toate, str\u0103duie\u0219te-te pentru asta, iar ceasul Edox este un asistent de \u00eencredere \u00een acest sens.<\/p>","protected":false},"excerpt":{"rendered":"<p>Materialele de prim\u0103 clas\u0103, cele mai moderne \u0219i mai recente tehnologii ale companiei sunt utilizate \u00een ceasurile Edox Class 1. Mai presus de toate, acesta este un ceas unic \u0219i \u00een edi\u021bie limitat\u0103 pentru adev\u0103ra\u021bii fani ai artei mecanice elve\u021biene. \u00cen fiecare zi, num\u0103rul 1 &#8211; singurul marker digital &#8211; v\u0103 va aminti acest lucru. [&hellip;]<\/p>\n","protected":false},"featured_media":28208,"comment_status":"closed","ping_status":"open","template":"","meta":{"_acf_changed":false},"product_brand":[],"product_cat":[20,106,107],"product_tag":[],"class_list":{"0":"post-28329","1":"product","2":"type-product","3":"status-publish","4":"has-post-thumbnail","6":"product_cat-ceasuri-barbati","7":"product_cat-ceasuri-premium","8":"product_cat-edox","9":"pa_brand-edox","10":"pa_braslet-cauciuc","11":"pa_corpus-45-mm","12":"pa_forma-rotund","13":"pa_funcii-cronograf","14":"pa_funcii-data","15":"pa_funcii-tahimetru","16":"pa_garatia-24-luni","17":"pa_korpus-argintiu","18":"pa_kvarc-quartz","19":"pa_material-ceramica","20":"pa_material-otel-inoxidabil","21":"pa_mehanizm-quartz","22":"pa_remeshok-negru","23":"pa_steklo-cristal-safir","24":"pa_strana-elvetia","25":"pa_voda-30-atm","27":"first","28":"instock","29":"purchasable","30":"product-type-simple"},"acf":[],"_links":{"self":[{"href":"https:\/\/ceasuri.md\/ru\/wp-json\/wp\/v2\/product\/28329","targetHints":{"allow":["GET"]}}],"collection":[{"href":"https:\/\/ceasuri.md\/ru\/wp-json\/wp\/v2\/product"}],"about":[{"href":"https:\/\/ceasuri.md\/ru\/wp-json\/wp\/v2\/types\/product"}],"replies":[{"embeddable":true,"href":"https:\/\/ceasuri.md\/ru\/wp-json\/wp\/v2\/comments?post=28329"}],"wp:featuredmedia":[{"embeddable":true,"href":"https:\/\/ceasuri.md\/ru\/wp-json\/wp\/v2\/media\/28208"}],"wp:attachment":[{"href":"https:\/\/ceasuri.md\/ru\/wp-json\/wp\/v2\/media?parent=28329"}],"wp:term":[{"taxonomy":"product_brand","embeddable":true,"href":"https:\/\/ceasuri.md\/ru\/wp-json\/wp\/v2\/product_brand?post=28329"},{"taxonomy":"product_cat","embeddable":true,"href":"https:\/\/ceasuri.md\/ru\/wp-json\/wp\/v2\/product_cat?post=28329"},{"taxonomy":"product_tag","embeddable":true,"href":"https:\/\/ceasuri.md\/ru\/wp-json\/wp\/v2\/product_tag?post=28329"}],"curies":[{"name":"wp","href":"https:\/\/api.w.org\/{rel}","templated":true}]}}