{"id":28304,"date":"2026-04-02T19:48:34","date_gmt":"2026-04-02T16:48:34","guid":{"rendered":"http:\/\/new.ceasuri.md\/shop\/uncategorized\/lancaster-non-plus-ultra-0449chnrnr\/"},"modified":"2026-04-07T03:01:47","modified_gmt":"2026-04-07T00:01:47","slug":"lancaster-non-plus-ultra-0449chnrnr","status":"publish","type":"product","link":"https:\/\/ceasuri.md\/ru\/shop\/branduri\/lancaster\/lancaster-non-plus-ultra-0449chnrnr\/","title":{"rendered":"Ceas LANCASTER NON PLUS ULTRA 0449CHNRNR"},"content":{"rendered":"<p>Istoria ceasurilor Lancaster este plin\u0103 de fascina\u021bie \u0219i aproape la fel de veche ca lumea&#8230;. 300 de ani! Totul a \u00eenceput c\u00e2nd astronomul olandez Christian Huygens a inventat un sistem special pentru echilibrarea ceasurilor, iar la mijlocul secolului al XVII-lea s-a mutat \u00een Elve\u021bia din motive religioase.<\/p>\n<p>Aceasta a fost originea celui mai faimos atelier de ceasornic\u0103rie din Geneva, unde Christian producea ceasuri extrem de precise. Numele Lancaster a fost dat \u00een onoarea ora\u0219ului cu acela\u0219i nume, de unde era originar cel mai bun ucenic al s\u0103u, Edward Higgins.<\/p>\n<p>La acea vreme, Christian dorea s\u0103 \u00eel \u00eenve\u021be \u0219i s\u0103 \u00eei \u00eemp\u0103rt\u0103\u0219easc\u0103 toate secretele orologeriei cu pu\u021bin timp \u00eenainte de a muri. A fost o alegere inspirat\u0103, pentru c\u0103 Higgins s-a dovedit a fi un scafandru priceput \u0219i un str\u0103lucit om de afaceri. \u00cen acele zile, fiecare bancher \u0219i comerciant din Europa purta un ceas Lancaster.<\/p>\n<p>O marc\u0103 de o elegan\u021b\u0103 \u0219i frumuse\u021be rare, mereu inovatoare, anul 2000 a fost martorul unei schimb\u0103ri majore \u00een industrie. Odat\u0103 cu lansarea colec\u021biilor Iohio \u0219i Intrigo, au fost introduse curele colorate din tot felul de materiale inovatoare, care au fost ulterior inspirate de alte m\u0103rci de ceasuri.<\/p>","protected":false},"excerpt":{"rendered":"<p>Istoria ceasurilor Lancaster este plin\u0103 de fascina\u021bie \u0219i aproape la fel de veche ca lumea&#8230;. 300 de ani! Totul a \u00eenceput c\u00e2nd astronomul olandez Christian Huygens a inventat un sistem special pentru echilibrarea ceasurilor, iar la mijlocul secolului al XVII-lea s-a mutat \u00een Elve\u021bia din motive religioase. Aceasta a fost originea celui mai faimos atelier [&hellip;]<\/p>\n","protected":false},"featured_media":28020,"comment_status":"closed","ping_status":"open","template":"","meta":{"_acf_changed":false},"product_brand":[],"product_cat":[20,118,23],"product_tag":[595,691,693,695,692],"class_list":{"0":"post-28304","1":"product","2":"type-product","3":"status-publish","4":"has-post-thumbnail","6":"product_cat-ceasuri-barbati","7":"product_cat-lancaster","8":"product_cat-sale-ceasuri-barbati","9":"product_tag-cronograf","10":"product_tag-691","11":"product_tag-693","12":"product_tag-695","13":"product_tag-692","14":"pa_brand-lancaster","15":"pa_braslet-piele","16":"pa_corpus-44-mm","17":"pa_forma-rotund","18":"pa_funcii-ziua-saptamanii","19":"pa_garatia-6-luni","20":"pa_korpus-auriu","21":"pa_material-otel-inoxidabil","22":"pa_mehanizm-quartz","23":"pa_remeshok-negru","24":"pa_steklo-cristal-mineral","25":"pa_strana-italia","26":"pa_voda-5-atm","28":"first","29":"instock","30":"sale","31":"purchasable","32":"product-type-simple"},"acf":[],"_links":{"self":[{"href":"https:\/\/ceasuri.md\/ru\/wp-json\/wp\/v2\/product\/28304","targetHints":{"allow":["GET"]}}],"collection":[{"href":"https:\/\/ceasuri.md\/ru\/wp-json\/wp\/v2\/product"}],"about":[{"href":"https:\/\/ceasuri.md\/ru\/wp-json\/wp\/v2\/types\/product"}],"replies":[{"embeddable":true,"href":"https:\/\/ceasuri.md\/ru\/wp-json\/wp\/v2\/comments?post=28304"}],"wp:featuredmedia":[{"embeddable":true,"href":"https:\/\/ceasuri.md\/ru\/wp-json\/wp\/v2\/media\/28020"}],"wp:attachment":[{"href":"https:\/\/ceasuri.md\/ru\/wp-json\/wp\/v2\/media?parent=28304"}],"wp:term":[{"taxonomy":"product_brand","embeddable":true,"href":"https:\/\/ceasuri.md\/ru\/wp-json\/wp\/v2\/product_brand?post=28304"},{"taxonomy":"product_cat","embeddable":true,"href":"https:\/\/ceasuri.md\/ru\/wp-json\/wp\/v2\/product_cat?post=28304"},{"taxonomy":"product_tag","embeddable":true,"href":"https:\/\/ceasuri.md\/ru\/wp-json\/wp\/v2\/product_tag?post=28304"}],"curies":[{"name":"wp","href":"https:\/\/api.w.org\/{rel}","templated":true}]}}