{"id":28245,"date":"2026-04-02T19:48:11","date_gmt":"2026-04-02T16:48:11","guid":{"rendered":"http:\/\/new.ceasuri.md\/shop\/uncategorized\/casio-pq-31-2ef\/"},"modified":"2026-04-15T16:09:35","modified_gmt":"2026-04-15T13:09:35","slug":"casio-pq-31-2ef","status":"publish","type":"product","link":"https:\/\/ceasuri.md\/ru\/shop\/branduri\/casio\/casio-pq-31-2ef\/","title":{"rendered":"Ceas CASIO PQ-31-2EF"},"content":{"rendered":"<p>Atunci c\u00e2nd produce ceasuri, Casio acord\u0103 o aten\u021bie maxim\u0103 fiec\u0103rui detaliu, utiliz\u00e2nd poten\u021bialul ascuns nelimitat al electronicii \u0219i introduc\u00e2nd tehnologii care nu sunt disponibile pentru al\u021bi produc\u0103tori.<\/p>\n<p> In procesul de creare de noi ceasuri, dincolo de g\u00e2ndirea standard, Casio ia cele mai \u00eendr\u0103zne\u021be decizii.<\/p>","protected":false},"excerpt":{"rendered":"<p>Atunci c\u00e2nd produce ceasuri, Casio acord\u0103 o aten\u021bie maxim\u0103 fiec\u0103rui detaliu, utiliz\u00e2nd poten\u021bialul ascuns nelimitat al electronicii \u0219i introduc\u00e2nd tehnologii care nu sunt disponibile pentru al\u021bi produc\u0103tori. In procesul de creare de noi ceasuri, dincolo de g\u00e2ndirea standard, Casio ia cele mai \u00eendr\u0103zne\u021be decizii.<\/p>","protected":false},"featured_media":7287,"comment_status":"closed","ping_status":"open","template":"","meta":{"_acf_changed":false},"product_brand":[],"product_cat":[27,690],"product_tag":[],"class_list":{"0":"post-28245","1":"product","2":"type-product","3":"status-publish","4":"has-post-thumbnail","6":"product_cat-casio","7":"product_cat-ceas-cu-alarma-ceas-interior-cu-alarma","8":"pa_brand-casio","9":"pa_forma-dreptunghiular","10":"pa_funcii-alarma","11":"pa_funcii-iluminare","12":"pa_garatia-24-luni","13":"pa_korpus-albastru","14":"pa_korpus-albastru-inchis","15":"pa_kvarc-quartz","16":"pa_material-plastic","17":"pa_mehanizm-electronic","18":"pa_steklo-plastic","19":"pa_strana-japonia","21":"first","22":"instock","23":"purchasable","24":"product-type-simple"},"acf":[],"_links":{"self":[{"href":"https:\/\/ceasuri.md\/ru\/wp-json\/wp\/v2\/product\/28245","targetHints":{"allow":["GET"]}}],"collection":[{"href":"https:\/\/ceasuri.md\/ru\/wp-json\/wp\/v2\/product"}],"about":[{"href":"https:\/\/ceasuri.md\/ru\/wp-json\/wp\/v2\/types\/product"}],"replies":[{"embeddable":true,"href":"https:\/\/ceasuri.md\/ru\/wp-json\/wp\/v2\/comments?post=28245"}],"wp:featuredmedia":[{"embeddable":true,"href":"https:\/\/ceasuri.md\/ru\/wp-json\/wp\/v2\/media\/7287"}],"wp:attachment":[{"href":"https:\/\/ceasuri.md\/ru\/wp-json\/wp\/v2\/media?parent=28245"}],"wp:term":[{"taxonomy":"product_brand","embeddable":true,"href":"https:\/\/ceasuri.md\/ru\/wp-json\/wp\/v2\/product_brand?post=28245"},{"taxonomy":"product_cat","embeddable":true,"href":"https:\/\/ceasuri.md\/ru\/wp-json\/wp\/v2\/product_cat?post=28245"},{"taxonomy":"product_tag","embeddable":true,"href":"https:\/\/ceasuri.md\/ru\/wp-json\/wp\/v2\/product_tag?post=28245"}],"curies":[{"name":"wp","href":"https:\/\/api.w.org\/{rel}","templated":true}]}}