{"id":28239,"date":"2026-04-02T19:48:11","date_gmt":"2026-04-02T16:48:11","guid":{"rendered":"http:\/\/new.ceasuri.md\/shop\/uncategorized\/continental-8042-ss157c\/"},"modified":"2026-04-07T03:00:58","modified_gmt":"2026-04-07T00:00:58","slug":"continental-8042-ss157c","status":"publish","type":"product","link":"https:\/\/ceasuri.md\/ru\/shop\/branduri\/continental\/continental-8042-ss157c\/","title":{"rendered":"Ceas CONTINENTAL 8042-SS157C"},"content":{"rendered":"<p>Ceasurile Continental se potrivesc cump\u0103r\u0103torului preten\u021bios care caut\u0103 un ceas elve\u021bian la un pre\u021b rezonabil.<\/p>\n<p>Fiecare pies\u0103 este o m\u0103rturie a m\u0103iestriei elve\u021biene legendare, fiecare detaliu creat \u00een armonie cu \u00eentregul, purt\u00e2nd amprenta priceperii \u0219i talentului genera\u021biilor de ceasornicari elve\u021bieni.<\/p>","protected":false},"excerpt":{"rendered":"<p>Ceasurile Continental se potrivesc cump\u0103r\u0103torului preten\u021bios care caut\u0103 un ceas elve\u021bian la un pre\u021b rezonabil. Fiecare pies\u0103 este o m\u0103rturie a m\u0103iestriei elve\u021biene legendare, fiecare detaliu creat \u00een armonie cu \u00eentregul, purt\u00e2nd amprenta priceperii \u0219i talentului genera\u021biilor de ceasornicari elve\u021bieni.<\/p>","protected":false},"featured_media":27869,"comment_status":"closed","ping_status":"open","template":"","meta":{"_acf_changed":false},"product_brand":[],"product_cat":[20,21,23],"product_tag":[595,691,692],"class_list":{"0":"post-28239","1":"product","2":"type-product","3":"status-publish","4":"has-post-thumbnail","6":"product_cat-ceasuri-barbati","7":"product_cat-continental","8":"product_cat-sale-ceasuri-barbati","9":"product_tag-cronograf","10":"product_tag-691","11":"product_tag-692","12":"pa_brand-continental","13":"pa_braslet-piele","14":"pa_corpus-34x40mm","15":"pa_forma-dreptunghiular","16":"pa_funcii-cronograf","17":"pa_funcii-data","18":"pa_garatia-6-luni","19":"pa_korpus-argintiu","20":"pa_material-otel-inoxidabil","21":"pa_mehanizm-quartz","22":"pa_remeshok-negru","23":"pa_steklo-cristal-safir","24":"pa_strana-elvetia","25":"pa_voda-3-atm","27":"first","28":"instock","29":"sale","30":"purchasable","31":"product-type-simple"},"acf":[],"_links":{"self":[{"href":"https:\/\/ceasuri.md\/ru\/wp-json\/wp\/v2\/product\/28239","targetHints":{"allow":["GET"]}}],"collection":[{"href":"https:\/\/ceasuri.md\/ru\/wp-json\/wp\/v2\/product"}],"about":[{"href":"https:\/\/ceasuri.md\/ru\/wp-json\/wp\/v2\/types\/product"}],"replies":[{"embeddable":true,"href":"https:\/\/ceasuri.md\/ru\/wp-json\/wp\/v2\/comments?post=28239"}],"wp:featuredmedia":[{"embeddable":true,"href":"https:\/\/ceasuri.md\/ru\/wp-json\/wp\/v2\/media\/27869"}],"wp:attachment":[{"href":"https:\/\/ceasuri.md\/ru\/wp-json\/wp\/v2\/media?parent=28239"}],"wp:term":[{"taxonomy":"product_brand","embeddable":true,"href":"https:\/\/ceasuri.md\/ru\/wp-json\/wp\/v2\/product_brand?post=28239"},{"taxonomy":"product_cat","embeddable":true,"href":"https:\/\/ceasuri.md\/ru\/wp-json\/wp\/v2\/product_cat?post=28239"},{"taxonomy":"product_tag","embeddable":true,"href":"https:\/\/ceasuri.md\/ru\/wp-json\/wp\/v2\/product_tag?post=28239"}],"curies":[{"name":"wp","href":"https:\/\/api.w.org\/{rel}","templated":true}]}}