{"id":4511,"date":"2025-12-27T12:56:11","date_gmt":"2025-12-27T10:56:11","guid":{"rendered":"http:\/\/new.ceasuri.md\/?page_id=4511"},"modified":"2026-05-07T18:05:35","modified_gmt":"2026-05-07T15:05:35","slug":"livrare","status":"publish","type":"page","link":"https:\/\/ceasuri.md\/ru\/livrare\/","title":{"rendered":"\u0414\u043e\u0441\u0442\u0430\u0432\u043a\u0430"},"content":{"rendered":"<div class=\"wp-block-group alignwide is-layout-constrained wp-block-group-is-layout-constrained\" style=\"margin-top:20px;margin-bottom:20px\">\n<h6 class=\"wp-block-heading\" style=\"font-size:clamp(14px, 0.875rem + ((1vw - 3.2px) * 0.469), 20px);\">\u0414\u041e\u0421\u0422\u0410\u0412\u041a\u0410 \u0422\u041e\u0412\u0410\u0420\u041e\u0412<\/h6>\n\n\n\n<figure class=\"wp-block-image alignfull size-large is-style-default\"><img loading=\"lazy\" decoding=\"async\" width=\"1024\" height=\"288\" src=\"https:\/\/ceasuri.md\/wp-content\/uploads\/Livrare--1024x288.webp\" alt=\"\" class=\"wp-image-65281\" srcset=\"https:\/\/ceasuri.md\/wp-content\/uploads\/Livrare--1024x288.webp 1024w, https:\/\/ceasuri.md\/wp-content\/uploads\/Livrare--300x84.webp 300w, https:\/\/ceasuri.md\/wp-content\/uploads\/Livrare--150x42.webp 150w, https:\/\/ceasuri.md\/wp-content\/uploads\/Livrare--768x216.webp 768w, https:\/\/ceasuri.md\/wp-content\/uploads\/Livrare--1536x432.webp 1536w, https:\/\/ceasuri.md\/wp-content\/uploads\/Livrare--2048x575.webp 2048w, https:\/\/ceasuri.md\/wp-content\/uploads\/Livrare--18x5.webp 18w, https:\/\/ceasuri.md\/wp-content\/uploads\/Livrare--360x101.webp 360w, https:\/\/ceasuri.md\/wp-content\/uploads\/Livrare--1320x371.webp 1320w, https:\/\/ceasuri.md\/wp-content\/uploads\/Livrare--64x18.webp 64w\" sizes=\"auto, (max-width: 1024px) 100vw, 1024px\" \/><\/figure>\n\n\n\n<div class=\"wp-block-columns is-layout-flex wp-container-core-columns-is-layout-28f84493 wp-block-columns-is-layout-flex\">\n<div class=\"wp-block-column is-layout-flow wp-block-column-is-layout-flow\">\n<figure class=\"wp-block-image size-large\"><img loading=\"lazy\" decoding=\"async\" width=\"1024\" height=\"632\" src=\"https:\/\/ceasuri.md\/wp-content\/uploads\/livrare1-3-1024x632.webp\" alt=\"\" class=\"wp-image-65293\" srcset=\"https:\/\/ceasuri.md\/wp-content\/uploads\/livrare1-3-1024x632.webp 1024w, https:\/\/ceasuri.md\/wp-content\/uploads\/livrare1-3-300x185.webp 300w, https:\/\/ceasuri.md\/wp-content\/uploads\/livrare1-3-150x93.webp 150w, https:\/\/ceasuri.md\/wp-content\/uploads\/livrare1-3-768x474.webp 768w, https:\/\/ceasuri.md\/wp-content\/uploads\/livrare1-3-1536x948.webp 1536w, https:\/\/ceasuri.md\/wp-content\/uploads\/livrare1-3-2048x1264.webp 2048w, https:\/\/ceasuri.md\/wp-content\/uploads\/livrare1-3-18x12.webp 18w, https:\/\/ceasuri.md\/wp-content\/uploads\/livrare1-3-360x222.webp 360w, https:\/\/ceasuri.md\/wp-content\/uploads\/livrare1-3-1320x815.webp 1320w, https:\/\/ceasuri.md\/wp-content\/uploads\/livrare1-3-64x39.webp 64w\" sizes=\"auto, (max-width: 1024px) 100vw, 1024px\" \/><\/figure>\n\n\n\n<h2 class=\"wp-block-heading alignwide has-text-align-center\">Chisinau<\/h2>\n\n\n\n<p class=\"has-text-align-left\">Noi oferim o livrare convenabil\u0103 \u0219i fiabil\u0103 pentru clien\u021bii no\u0219tri. Livrarea gratuit\u0103 este asigurat\u0103 pentru toate comenzile \u00een valoare de peste 1500 lei, la orice destina\u021bie din Chi\u0219in\u0103u. \u00cen cazul \u00een care valoarea comenzii este de p\u00e2n\u0103 la 1500 lei, costul livr\u0103rii este de 60 lei<\/p>\n\n\n\n<p class=\"has-text-align-left\"><\/p>\n<\/div>\n\n\n\n<div class=\"wp-block-column is-layout-flow wp-block-column-is-layout-flow\">\n<figure class=\"wp-block-image size-large\"><img loading=\"lazy\" decoding=\"async\" width=\"1024\" height=\"632\" src=\"https:\/\/ceasuri.md\/wp-content\/uploads\/Livrare2-5-1024x632.webp\" alt=\"\" class=\"wp-image-65297\" srcset=\"https:\/\/ceasuri.md\/wp-content\/uploads\/Livrare2-5-1024x632.webp 1024w, https:\/\/ceasuri.md\/wp-content\/uploads\/Livrare2-5-300x185.webp 300w, https:\/\/ceasuri.md\/wp-content\/uploads\/Livrare2-5-150x93.webp 150w, https:\/\/ceasuri.md\/wp-content\/uploads\/Livrare2-5-768x474.webp 768w, https:\/\/ceasuri.md\/wp-content\/uploads\/Livrare2-5-1536x948.webp 1536w, https:\/\/ceasuri.md\/wp-content\/uploads\/Livrare2-5-2048x1264.webp 2048w, https:\/\/ceasuri.md\/wp-content\/uploads\/Livrare2-5-18x12.webp 18w, https:\/\/ceasuri.md\/wp-content\/uploads\/Livrare2-5-360x222.webp 360w, https:\/\/ceasuri.md\/wp-content\/uploads\/Livrare2-5-1320x815.webp 1320w, https:\/\/ceasuri.md\/wp-content\/uploads\/Livrare2-5-64x39.webp 64w\" sizes=\"auto, (max-width: 1024px) 100vw, 1024px\" \/><\/figure>\n\n\n\n<h2 class=\"wp-block-heading has-text-align-center\">Moldova<\/h2>\n\n\n\n<p>Expediem comenzile rapid \u0219i sigur \u00een orice localitate din \u021bar\u0103. Livrarea pentru orice destina\u021bie \u00een afara Chi\u0219in\u0103ului este de 100 de lei, indiferent de valoarea total\u0103 a comenzii dumneavoastr\u0103.<\/p>\n<\/div>\n\n\n\n<div class=\"wp-block-column is-layout-flow wp-block-column-is-layout-flow\">\n<figure class=\"wp-block-image size-large\"><img loading=\"lazy\" decoding=\"async\" width=\"1024\" height=\"632\" src=\"https:\/\/ceasuri.md\/wp-content\/uploads\/livrare-3-3-1024x632.webp\" alt=\"\" class=\"wp-image-65294\" srcset=\"https:\/\/ceasuri.md\/wp-content\/uploads\/livrare-3-3-1024x632.webp 1024w, https:\/\/ceasuri.md\/wp-content\/uploads\/livrare-3-3-300x185.webp 300w, https:\/\/ceasuri.md\/wp-content\/uploads\/livrare-3-3-150x93.webp 150w, https:\/\/ceasuri.md\/wp-content\/uploads\/livrare-3-3-768x474.webp 768w, https:\/\/ceasuri.md\/wp-content\/uploads\/livrare-3-3-1536x948.webp 1536w, https:\/\/ceasuri.md\/wp-content\/uploads\/livrare-3-3-2048x1264.webp 2048w, https:\/\/ceasuri.md\/wp-content\/uploads\/livrare-3-3-18x12.webp 18w, https:\/\/ceasuri.md\/wp-content\/uploads\/livrare-3-3-360x222.webp 360w, https:\/\/ceasuri.md\/wp-content\/uploads\/livrare-3-3-1320x815.webp 1320w, https:\/\/ceasuri.md\/wp-content\/uploads\/livrare-3-3-64x39.webp 64w\" sizes=\"auto, (max-width: 1024px) 100vw, 1024px\" \/><\/figure>\n\n\n\n<h2 class=\"wp-block-heading has-text-align-center\">Program<\/h2>\n\n\n\n<p>Livrarea se efectueaz\u0103 \u00een zilele lucr\u0103toare (de luni p\u00e2n\u0103 vineri) \u00eentre orele 10:00 \u0219i 18:00. \u00cen zilele de weekend livrarea nu se efectueaz\u0103. Bunurile nu sunt livrate f\u0103r\u0103 un apel telefonic prealabil din partea curierului. Dac\u0103 nu pute\u021bi fi contactat, livrarea va fi reprogramat\u0103.<\/p>\n<\/div>\n<\/div>\n<\/div>\n\n\n\n<p><\/p>","protected":false},"excerpt":{"rendered":"<p>LIVRAREA PRODUSELOR Chisinau Noi oferim o livrare convenabil\u0103 \u0219i fiabil\u0103 pentru clien\u021bii no\u0219tri. Livrarea gratuit\u0103 este asigurat\u0103 pentru toate comenzile \u00een valoare de peste 1500 lei, la orice destina\u021bie din Chi\u0219in\u0103u. \u00cen cazul \u00een care valoarea comenzii este de p\u00e2n\u0103 la 1500 lei, costul livr\u0103rii este de 60 lei Moldova Expediem comenzile rapid \u0219i sigur [&hellip;]<\/p>\n","protected":false},"author":1,"featured_media":0,"parent":0,"menu_order":0,"comment_status":"closed","ping_status":"closed","template":"","meta":{"_acf_changed":false,"footnotes":""},"class_list":["post-4511","page","type-page","status-publish","hentry"],"blocksy_meta":[],"acf":[],"_links":{"self":[{"href":"https:\/\/ceasuri.md\/ru\/wp-json\/wp\/v2\/pages\/4511","targetHints":{"allow":["GET"]}}],"collection":[{"href":"https:\/\/ceasuri.md\/ru\/wp-json\/wp\/v2\/pages"}],"about":[{"href":"https:\/\/ceasuri.md\/ru\/wp-json\/wp\/v2\/types\/page"}],"author":[{"embeddable":true,"href":"https:\/\/ceasuri.md\/ru\/wp-json\/wp\/v2\/users\/1"}],"replies":[{"embeddable":true,"href":"https:\/\/ceasuri.md\/ru\/wp-json\/wp\/v2\/comments?post=4511"}],"version-history":[{"count":13,"href":"https:\/\/ceasuri.md\/ru\/wp-json\/wp\/v2\/pages\/4511\/revisions"}],"predecessor-version":[{"id":65298,"href":"https:\/\/ceasuri.md\/ru\/wp-json\/wp\/v2\/pages\/4511\/revisions\/65298"}],"wp:attachment":[{"href":"https:\/\/ceasuri.md\/ru\/wp-json\/wp\/v2\/media?parent=4511"}],"curies":[{"name":"wp","href":"https:\/\/api.w.org\/{rel}","templated":true}]}}