{"id":4497,"date":"2025-12-27T12:08:39","date_gmt":"2025-12-27T10:08:39","guid":{"rendered":"http:\/\/new.ceasuri.md\/?page_id=4497"},"modified":"2026-03-27T15:37:31","modified_gmt":"2026-03-27T13:37:31","slug":"garantie-produse","status":"publish","type":"page","link":"https:\/\/ceasuri.md\/ru\/garantie-produse\/","title":{"rendered":"Garantie produse"},"content":{"rendered":"<div class=\"wp-block-group alignwide has-background is-layout-constrained wp-block-group-is-layout-constrained\" style=\"background-color:#f5f3f3;margin-top:20px\">\n<p style=\"font-size:clamp(14px, 0.875rem + ((1vw - 3.2px) * 0.078), 15px);\">Toate produsele re\u021belei de v\u00e2nzare cu am\u0103nuntul \u0219i site-ul web Ceasuri.md sunt autentice, au setul complet original \u0219i sunt prev\u0103zute cu o garan\u021bie oficial\u0103 din partea produc\u0103torilor.<\/p>\n\n\n\n<h2 class=\"wp-block-heading alignwide has-text-align-center\" style=\"font-size:clamp(18.959px, 1.185rem + ((1vw - 3.2px) * 0.863), 30px);\">GARAN\u021aIE OFICIAL\u0102<\/h2>\n\n\n\n<p style=\"font-size:clamp(14px, 0.875rem + ((1vw - 3.2px) * 0.078), 15px);\">Toate produsele sunt acoperite de garan\u021bia atelierelor de garan\u021bie respective indicate pe cardurile de garan\u021bie. Pentru o serie de produse oferim o garan\u021bie suplimentar\u0103 din partea companiei noastre. \u00cen cazul unei defec\u021biuni sau a unor defecte \u00een func\u021bionarea m\u0103rfurilor achizi\u021bionate \u00een magazinele noastre, contacta\u021bi atelierele de garan\u021bie indicate pe cardul de garan\u021bie. Dup\u0103 achizi\u021bie, asigura\u021bi-v\u0103 c\u0103 p\u0103stra\u021bi chitan\u021bele \u0219i etichetele produselor achizi\u021bionate &#8211; acestea vor fi necesare pentru repara\u021bii \u00een garan\u021bie \u00een caz de defect.<\/p>\n\n\n\n<h2 class=\"wp-block-heading has-text-align-center\" style=\"font-size:clamp(18.959px, 1.185rem + ((1vw - 3.2px) * 0.863), 30px);text-transform:uppercase\">Serviciu<\/h2>\n\n\n\n<p style=\"font-size:clamp(14px, 0.875rem + ((1vw - 3.2px) * 0.078), 15px);\">Puteti apela la serviciile serviciului nostru pentru schimbarea BATERIEI, INSTALAREA CUREA SI LUSTRUIREA CAZEI<br>Acest serviciu poate fi utilizat \u00een saloanele noastre:<br>\u2022 \u0421entru comercial Shopping MallDova, strada Arborilor 21, etajul 1<br>\u2022 \u0421entru comercial Atrium, strada Albi\u0219oara 4, etajul 1, Tel.: 022 88 47 18<\/p>\n<\/div>\n\n\n\n<figure class=\"wp-block-image alignwide size-full\"><img loading=\"lazy\" decoding=\"async\" width=\"1100\" height=\"531\" src=\"http:\/\/ceasuri.md\/wp-content\/uploads\/serv.avif\" alt=\"\" class=\"wp-image-7746\" srcset=\"https:\/\/ceasuri.md\/wp-content\/uploads\/serv.avif 1100w, https:\/\/ceasuri.md\/wp-content\/uploads\/serv-300x145.avif 300w, https:\/\/ceasuri.md\/wp-content\/uploads\/serv-1024x494.avif 1024w, https:\/\/ceasuri.md\/wp-content\/uploads\/serv-150x72.avif 150w, https:\/\/ceasuri.md\/wp-content\/uploads\/serv-768x371.avif 768w, https:\/\/ceasuri.md\/wp-content\/uploads\/serv-18x9.avif 18w, https:\/\/ceasuri.md\/wp-content\/uploads\/serv-360x174.avif 360w\" sizes=\"auto, (max-width: 1100px) 100vw, 1100px\" \/><\/figure>\n\n\n\n<div class=\"wp-block-group alignwide has-background is-layout-constrained wp-block-group-is-layout-constrained\" style=\"background-color:#f5f3f3\"><h4 style=\"font-size:clamp(14px, 0.875rem + ((1vw - 3.2px) * 0.469), 20px);text-transform:uppercase;\" class=\"alignwide wp-block-post-title\">Garantie produse<\/h4>\n\n\n<p style=\"font-size:clamp(14px, 0.875rem + ((1vw - 3.2px) * 0.078), 15px);\">\u2022 urme de impacturi \u0219i deterior\u0103ri mecanice (cobor\u00e2re, lovituri, m\u00e2ini r\u0103sucite, riscuri, numere, deformarea cadranului, absen\u021ba sau deformarea coroanei, butoanele ceasului etc.);<br>\u2022 urme de deschidere neautorizate \u00een afara centrului de service al garan\u021biei (zg\u00e2rieturi pe carcas\u0103 la jonc\u021biunea cu capacul din spate, fante cu \u0219urub deteriorate, amprente \u00een interiorul mecanismului, baterie non standard, sigiliu de acoperire instalat necorespunz\u0103tor etc.);<br>\u2022 urme de expunere la produs la temperaturi ridicate (peste + 50 \u00b0 C) sau temperaturi sc\u0103zute (sub -20 \u00b0 C);<br>\u2022 deteriorarea (intern\u0103 \u0219i extern\u0103) cauzat\u0103 de orice impact mecanic extern, sarcini de \u0219oc sau vibra\u021bii, aplicarea for\u021bei externe pe p\u0103r\u021bi ale produsului (sticl\u0103 spart\u0103 sau aruncat\u0103, fisuri, zg\u00e2rieturi, zg\u00e2rieturi, a\u0219chii, deformarea materialelor \u0219i pieselor, ruperea, \u00eendoirea axei capului de transfer , curbura axelor ro\u021bilor \u0219i echilibrul, deformarea pl\u0103cilor, ruperea sau \u00eentinderea pieselor, ruperea urechilor carcasei pentru fixarea br\u0103\u021b\u0103rii etc.);<br>\u2022 daune rezultate din expunerea la umiditate \u0219i legate de \u00eenc\u0103lcarea regulilor de func\u021bionare;<br>\u2022 Daune cauzate de contactul cu substan\u021be chimice sau solven\u021bi corozivi (alcali, acid, mercur \u0219i vaporii s\u0103i, solven\u021bi din plastic etc.);<br>\u2022 pagube cauzate de p\u0103trunderea de obiecte, substan\u021be, insecte str\u0103ine;<br>\u2022 deteriorarea mecanismului calendaristic datorat transferului m\u00e2inilor din pozi\u021bia lor \u00eentre orele 23:00 \u0219i 04:00 (c\u00e2nd este activat mecanismul de schimbare automat\u0103 a datei);<br>\u2022 alte daune cauzate de ac\u021biuni inten\u021bionate sau imprudente ale cump\u0103r\u0103torului sau \u00eenc\u0103lcarea normelor de func\u021bionare.<\/p>\n<\/div>\n\n\n\n<div class=\"wp-block-group alignwide has-background is-layout-constrained wp-block-group-is-layout-constrained\" style=\"background-color:#f5f3f3\">\n<h4 class=\"wp-block-heading\" style=\"font-size:clamp(14px, 0.875rem + ((1vw - 3.2px) * 0.469), 20px);\">NU FIE UN DEFECT:<\/h4>\n\n\n\n<p style=\"font-size:clamp(14px, 0.875rem + ((1vw - 3.2px) * 0.078), 15px);\">\u2022 desc\u0103rcarea bateriei (bateriei) instalat\u0103 de produc\u0103tor;<br>\u2022 uzura natural\u0103 a elementelor \u00een timpul func\u021bion\u0103rii: abraziunea suprafe\u021bei, inclusiv acoperiri, cutii, butoane, capete de ceas, curea;<br>\u2022 abaterea arcului ceasornicului de secunde de la loviturile diviz\u0103rii sc\u0103rii \u00een valoarea specificat\u0103 \u00een instruc\u021biuni \u0219i cardul de garan\u021bie;<br>Nepotrevirea arcului de or\u0103 \u0219i minut \u00een limitele specificate \u00een instruc\u021biunile \u0219i cardul de garan\u021bie;<br>\u2022 retragerea arcului de or\u0103 \u0219i minut \u00een limitele specificate \u00een instruc\u021biunile \u0219i cardul de garan\u021bie;<br>\u2022 abaterea preciziei medii zilnice \u00een limitele specificate \u00een instruc\u021biuni \u0219i cardul de garan\u021bie.<\/p>\n<\/div>","protected":false},"excerpt":{"rendered":"<p>Toate produsele re\u021belei de v\u00e2nzare cu am\u0103nuntul \u0219i site-ul web Ceasuri.md sunt autentice, au setul complet original \u0219i sunt prev\u0103zute cu o garan\u021bie oficial\u0103 din partea produc\u0103torilor. GARAN\u021aIE OFICIAL\u0102 Toate produsele sunt acoperite de garan\u021bia atelierelor de garan\u021bie respective indicate pe cardurile de garan\u021bie. Pentru o serie de produse oferim o garan\u021bie suplimentar\u0103 din partea [&hellip;]<\/p>\n","protected":false},"author":1,"featured_media":0,"parent":0,"menu_order":0,"comment_status":"closed","ping_status":"closed","template":"","meta":{"_acf_changed":false,"footnotes":""},"class_list":["post-4497","page","type-page","status-publish","hentry"],"blocksy_meta":[],"acf":[],"yoast_head":"<!-- This site is optimized with the Yoast SEO plugin v27.3 - https:\/\/yoast.com\/product\/yoast-seo-wordpress\/ -->\n<title>Garantie produse - Cronograf<\/title>\n<meta name=\"robots\" content=\"index, follow, max-snippet:-1, max-image-preview:large, max-video-preview:-1\" \/>\n<link rel=\"canonical\" href=\"https:\/\/ceasuri.md\/ru\/garantie-produse\/\" \/>\n<meta property=\"og:locale\" content=\"ru_RU\" \/>\n<meta property=\"og:type\" content=\"article\" \/>\n<meta property=\"og:title\" content=\"Garantie produse - Cronograf\" \/>\n<meta property=\"og:description\" content=\"Toate produsele re\u021belei de v\u00e2nzare cu am\u0103nuntul \u0219i site-ul web Ceasuri.md sunt autentice, au setul complet original \u0219i sunt prev\u0103zute cu o garan\u021bie oficial\u0103 din partea produc\u0103torilor. GARAN\u021aIE OFICIAL\u0102 Toate produsele sunt acoperite de garan\u021bia atelierelor de garan\u021bie respective indicate pe cardurile de garan\u021bie. Pentru o serie de produse oferim o garan\u021bie suplimentar\u0103 din partea [&hellip;]\" \/>\n<meta property=\"og:url\" content=\"https:\/\/ceasuri.md\/ru\/garantie-produse\/\" \/>\n<meta property=\"og:site_name\" content=\"Cronograf\" \/>\n<meta property=\"article:modified_time\" content=\"2026-03-27T13:37:31+00:00\" \/>\n<meta name=\"twitter:card\" content=\"summary_large_image\" \/>\n<meta name=\"twitter:label1\" content=\"\u041f\u0440\u0438\u043c\u0435\u0440\u043d\u043e\u0435 \u0432\u0440\u0435\u043c\u044f \u0434\u043b\u044f \u0447\u0442\u0435\u043d\u0438\u044f\" \/>\n\t<meta name=\"twitter:data1\" content=\"3 \u043c\u0438\u043d\u0443\u0442\u044b\" \/>\n<script type=\"application\/ld+json\" class=\"yoast-schema-graph\">{\"@context\":\"https:\\\/\\\/schema.org\",\"@graph\":[{\"@type\":\"WebPage\",\"@id\":\"https:\\\/\\\/ceasuri.md\\\/garantie-produse\\\/\",\"url\":\"https:\\\/\\\/ceasuri.md\\\/garantie-produse\\\/\",\"name\":\"Garantie produse - Cronograf\",\"isPartOf\":{\"@id\":\"https:\\\/\\\/ceasuri.md\\\/ru\\\/#website\"},\"primaryImageOfPage\":{\"@id\":\"https:\\\/\\\/ceasuri.md\\\/garantie-produse\\\/#primaryimage\"},\"image\":{\"@id\":\"https:\\\/\\\/ceasuri.md\\\/garantie-produse\\\/#primaryimage\"},\"thumbnailUrl\":\"http:\\\/\\\/ceasuri.md\\\/wp-content\\\/uploads\\\/serv.avif\",\"datePublished\":\"2025-12-27T10:08:39+00:00\",\"dateModified\":\"2026-03-27T13:37:31+00:00\",\"breadcrumb\":{\"@id\":\"https:\\\/\\\/ceasuri.md\\\/garantie-produse\\\/#breadcrumb\"},\"inLanguage\":\"ru-RU\",\"potentialAction\":[{\"@type\":\"ReadAction\",\"target\":[\"https:\\\/\\\/ceasuri.md\\\/garantie-produse\\\/\"]}]},{\"@type\":\"ImageObject\",\"inLanguage\":\"ru-RU\",\"@id\":\"https:\\\/\\\/ceasuri.md\\\/garantie-produse\\\/#primaryimage\",\"url\":\"http:\\\/\\\/ceasuri.md\\\/wp-content\\\/uploads\\\/serv.avif\",\"contentUrl\":\"http:\\\/\\\/ceasuri.md\\\/wp-content\\\/uploads\\\/serv.avif\"},{\"@type\":\"BreadcrumbList\",\"@id\":\"https:\\\/\\\/ceasuri.md\\\/garantie-produse\\\/#breadcrumb\",\"itemListElement\":[{\"@type\":\"ListItem\",\"position\":1,\"name\":\"Home\",\"item\":\"https:\\\/\\\/ceasuri.md\\\/\"},{\"@type\":\"ListItem\",\"position\":2,\"name\":\"Garantie produse\"}]},{\"@type\":\"WebSite\",\"@id\":\"https:\\\/\\\/ceasuri.md\\\/ru\\\/#website\",\"url\":\"https:\\\/\\\/ceasuri.md\\\/ru\\\/\",\"name\":\"Cronograf\",\"description\":\"\",\"publisher\":{\"@id\":\"https:\\\/\\\/ceasuri.md\\\/ru\\\/#organization\"},\"potentialAction\":[{\"@type\":\"SearchAction\",\"target\":{\"@type\":\"EntryPoint\",\"urlTemplate\":\"https:\\\/\\\/ceasuri.md\\\/ru\\\/?s={search_term_string}\"},\"query-input\":{\"@type\":\"PropertyValueSpecification\",\"valueRequired\":true,\"valueName\":\"search_term_string\"}}],\"inLanguage\":\"ru-RU\"},{\"@type\":\"Organization\",\"@id\":\"https:\\\/\\\/ceasuri.md\\\/ru\\\/#organization\",\"name\":\"Cronograf\",\"url\":\"https:\\\/\\\/ceasuri.md\\\/ru\\\/\",\"logo\":{\"@type\":\"ImageObject\",\"inLanguage\":\"ru-RU\",\"@id\":\"https:\\\/\\\/ceasuri.md\\\/ru\\\/#\\\/schema\\\/logo\\\/image\\\/\",\"url\":\"https:\\\/\\\/ceasuri.md\\\/wp-content\\\/uploads\\\/2025\\\/12\\\/Logo.svg\",\"contentUrl\":\"https:\\\/\\\/ceasuri.md\\\/wp-content\\\/uploads\\\/2025\\\/12\\\/Logo.svg\",\"width\":3338,\"height\":811,\"caption\":\"Cronograf\"},\"image\":{\"@id\":\"https:\\\/\\\/ceasuri.md\\\/ru\\\/#\\\/schema\\\/logo\\\/image\\\/\"}}]}<\/script>\n<!-- \/ Yoast SEO plugin. -->","yoast_head_json":{"title":"Garantie produse - Cronograf","robots":{"index":"index","follow":"follow","max-snippet":"max-snippet:-1","max-image-preview":"max-image-preview:large","max-video-preview":"max-video-preview:-1"},"canonical":"https:\/\/ceasuri.md\/ru\/garantie-produse\/","og_locale":"ru_RU","og_type":"article","og_title":"Garantie produse - Cronograf","og_description":"Toate produsele re\u021belei de v\u00e2nzare cu am\u0103nuntul \u0219i site-ul web Ceasuri.md sunt autentice, au setul complet original \u0219i sunt prev\u0103zute cu o garan\u021bie oficial\u0103 din partea produc\u0103torilor. GARAN\u021aIE OFICIAL\u0102 Toate produsele sunt acoperite de garan\u021bia atelierelor de garan\u021bie respective indicate pe cardurile de garan\u021bie. Pentru o serie de produse oferim o garan\u021bie suplimentar\u0103 din partea [&hellip;]","og_url":"https:\/\/ceasuri.md\/ru\/garantie-produse\/","og_site_name":"Cronograf","article_modified_time":"2026-03-27T13:37:31+00:00","twitter_card":"summary_large_image","twitter_misc":{"\u041f\u0440\u0438\u043c\u0435\u0440\u043d\u043e\u0435 \u0432\u0440\u0435\u043c\u044f \u0434\u043b\u044f \u0447\u0442\u0435\u043d\u0438\u044f":"3 \u043c\u0438\u043d\u0443\u0442\u044b"},"schema":{"@context":"https:\/\/schema.org","@graph":[{"@type":"WebPage","@id":"https:\/\/ceasuri.md\/garantie-produse\/","url":"https:\/\/ceasuri.md\/garantie-produse\/","name":"Garantie produse - Cronograf","isPartOf":{"@id":"https:\/\/ceasuri.md\/ru\/#website"},"primaryImageOfPage":{"@id":"https:\/\/ceasuri.md\/garantie-produse\/#primaryimage"},"image":{"@id":"https:\/\/ceasuri.md\/garantie-produse\/#primaryimage"},"thumbnailUrl":"http:\/\/ceasuri.md\/wp-content\/uploads\/serv.avif","datePublished":"2025-12-27T10:08:39+00:00","dateModified":"2026-03-27T13:37:31+00:00","breadcrumb":{"@id":"https:\/\/ceasuri.md\/garantie-produse\/#breadcrumb"},"inLanguage":"ru-RU","potentialAction":[{"@type":"ReadAction","target":["https:\/\/ceasuri.md\/garantie-produse\/"]}]},{"@type":"ImageObject","inLanguage":"ru-RU","@id":"https:\/\/ceasuri.md\/garantie-produse\/#primaryimage","url":"http:\/\/ceasuri.md\/wp-content\/uploads\/serv.avif","contentUrl":"http:\/\/ceasuri.md\/wp-content\/uploads\/serv.avif"},{"@type":"BreadcrumbList","@id":"https:\/\/ceasuri.md\/garantie-produse\/#breadcrumb","itemListElement":[{"@type":"ListItem","position":1,"name":"Home","item":"https:\/\/ceasuri.md\/"},{"@type":"ListItem","position":2,"name":"Garantie produse"}]},{"@type":"WebSite","@id":"https:\/\/ceasuri.md\/ru\/#website","url":"https:\/\/ceasuri.md\/ru\/","name":"Cronograf","description":"","publisher":{"@id":"https:\/\/ceasuri.md\/ru\/#organization"},"potentialAction":[{"@type":"SearchAction","target":{"@type":"EntryPoint","urlTemplate":"https:\/\/ceasuri.md\/ru\/?s={search_term_string}"},"query-input":{"@type":"PropertyValueSpecification","valueRequired":true,"valueName":"search_term_string"}}],"inLanguage":"ru-RU"},{"@type":"Organization","@id":"https:\/\/ceasuri.md\/ru\/#organization","name":"Cronograf","url":"https:\/\/ceasuri.md\/ru\/","logo":{"@type":"ImageObject","inLanguage":"ru-RU","@id":"https:\/\/ceasuri.md\/ru\/#\/schema\/logo\/image\/","url":"https:\/\/ceasuri.md\/wp-content\/uploads\/2025\/12\/Logo.svg","contentUrl":"https:\/\/ceasuri.md\/wp-content\/uploads\/2025\/12\/Logo.svg","width":3338,"height":811,"caption":"Cronograf"},"image":{"@id":"https:\/\/ceasuri.md\/ru\/#\/schema\/logo\/image\/"}}]}},"_links":{"self":[{"href":"https:\/\/ceasuri.md\/ru\/wp-json\/wp\/v2\/pages\/4497","targetHints":{"allow":["GET"]}}],"collection":[{"href":"https:\/\/ceasuri.md\/ru\/wp-json\/wp\/v2\/pages"}],"about":[{"href":"https:\/\/ceasuri.md\/ru\/wp-json\/wp\/v2\/types\/page"}],"author":[{"embeddable":true,"href":"https:\/\/ceasuri.md\/ru\/wp-json\/wp\/v2\/users\/1"}],"replies":[{"embeddable":true,"href":"https:\/\/ceasuri.md\/ru\/wp-json\/wp\/v2\/comments?post=4497"}],"version-history":[{"count":16,"href":"https:\/\/ceasuri.md\/ru\/wp-json\/wp\/v2\/pages\/4497\/revisions"}],"predecessor-version":[{"id":7759,"href":"https:\/\/ceasuri.md\/ru\/wp-json\/wp\/v2\/pages\/4497\/revisions\/7759"}],"wp:attachment":[{"href":"https:\/\/ceasuri.md\/ru\/wp-json\/wp\/v2\/media?parent=4497"}],"curies":[{"name":"wp","href":"https:\/\/api.w.org\/{rel}","templated":true}]}}