{"id":4493,"date":"2025-12-27T12:07:26","date_gmt":"2025-12-27T10:07:26","guid":{"rendered":"http:\/\/new.ceasuri.md\/?page_id=4493"},"modified":"2026-03-27T12:32:37","modified_gmt":"2026-03-27T10:32:37","slug":"despre-noi","status":"publish","type":"page","link":"https:\/\/ceasuri.md\/ru\/despre-noi\/","title":{"rendered":"Despre noi"},"content":{"rendered":"<h2 class=\"wp-block-heading\" style=\"font-size:clamp(18.959px, 1.185rem + ((1vw - 3.2px) * 0.863), 30px);\">DESPRE FIRM\u0102&nbsp;<strong>CRONOGRAF<\/strong><\/h2>\n\n\n\n<figure class=\"wp-block-image alignwide size-full cg-about-hero\"><img loading=\"lazy\" decoding=\"async\" width=\"1408\" height=\"1079\" src=\"http:\/\/ceasuri.md\/wp-content\/uploads\/img_7116.avif\" alt=\"\" class=\"wp-image-7692\" srcset=\"https:\/\/ceasuri.md\/wp-content\/uploads\/img_7116.avif 1408w, https:\/\/ceasuri.md\/wp-content\/uploads\/img_7116-300x230.avif 300w, https:\/\/ceasuri.md\/wp-content\/uploads\/img_7116-1024x785.avif 1024w, https:\/\/ceasuri.md\/wp-content\/uploads\/img_7116-150x115.avif 150w, https:\/\/ceasuri.md\/wp-content\/uploads\/img_7116-768x589.avif 768w, https:\/\/ceasuri.md\/wp-content\/uploads\/img_7116-16x12.avif 16w, https:\/\/ceasuri.md\/wp-content\/uploads\/img_7116-360x276.avif 360w, https:\/\/ceasuri.md\/wp-content\/uploads\/img_7116-1320x1012.avif 1320w\" sizes=\"auto, (max-width: 1408px) 100vw, 1408px\" \/><\/figure>\n\n\n\n<div class=\"wp-block-group alignwide has-background is-layout-constrained wp-container-core-group-is-layout-140fb98a wp-block-group-is-layout-constrained\" style=\"background-color:#f5f3f3;margin-top:0px;margin-bottom:0px;padding-top:18px;padding-right:20px;padding-bottom:18px;padding-left:20px\">\n<p style=\"font-size:clamp(14px, 0.875rem + ((1vw - 3.2px) * 0.078), 15px);\">Bine a\u021bi venit pe site-ul magazinului nostru online. Cu siguran\u021b\u0103 sunte\u021bi aici, deoarece c\u0103uta\u021bi un ceas care s\u0103 r\u0103spund\u0103 tuturor a\u0219tept\u0103rilor dvs. Acestea vor deveni un accesoriu elegant \u0219i te vor \u00eenso\u021bi \u00een fiecare zi. Felicit\u0103ri! Ai g\u0103sit cel mai bun loc \u00een net. Ceasurile sunt pasiunea noastr\u0103, pe care ne-am specializat de mul\u021bi ani. Ast\u0103zi vrem s\u0103 v\u0103 \u00eemp\u0103rt\u0103\u0219im aceste cuno\u0219tin\u021be \u0219i produse de prim\u0103 clas\u0103 cu dvs.<\/p>\n<\/div>\n\n\n\n<div class=\"wp-block-group alignwide is-layout-constrained wp-container-core-group-is-layout-b91cc840 wp-block-group-is-layout-constrained\" style=\"margin-top:0px;margin-bottom:0px;padding-right:20px;padding-left:20px\">\n<div class=\"cg-about-features\">\n\n  <div class=\"cg-about-features__item\">\n    <img decoding=\"async\"\n      src=\"http:\/\/ceasuri.md\/wp-content\/uploads\/home-icon-silhouette-svgrepo-com.svg\"\n      alt=\"Lucr\u0103m din anul 1994\"\n      class=\"cg-about-features__icon cg-about-features__icon--home\"\n    >\n    <span class=\"cg-about-features__text\">Lucr\u0103m din anul 1994<\/span>\n  <\/div>\n\n  <div class=\"cg-about-features__item\">\n    <img decoding=\"async\"\n      src=\"http:\/\/ceasuri.md\/wp-content\/uploads\/truck-speed-svgrepo-com.svg\"\n      alt=\"Livrare gratuit\u0103 \u00een Chi\u0219in\u0103u\"\n      class=\"cg-about-features__icon cg-about-features__icon--truck\"\n    >\n    <span class=\"cg-about-features__text\">Livrare gratuit\u0103 \u00een Chi\u0219in\u0103u<\/span>\n  <\/div>\n\n  <div class=\"cg-about-features__item\">\n    <img decoding=\"async\"\n      src=\"http:\/\/ceasuri.md\/wp-content\/uploads\/award-ui-web-svgrepo-com.svg\"\n      alt=\"100% Original\"\n      class=\"cg-about-features__icon cg-about-features__icon--award\"\n    >\n    <span class=\"cg-about-features__text\">100% Original<\/span>\n  <\/div>\n\n  <div class=\"cg-about-features__item\">\n    <img decoding=\"async\"\n      src=\"http:\/\/ceasuri.md\/wp-content\/uploads\/clock-three-svgrepo-com.svg\"\n      alt=\"Garan\u021bie 2 ani\"\n      class=\"cg-about-features__icon cg-about-features__icon--clock\"\n    >\n    <span class=\"cg-about-features__text\">Garan\u021bie 2 ani<\/span>\n  <\/div>\n\n  <div class=\"cg-about-features__item\">\n    <img decoding=\"async\"\n      src=\"http:\/\/ceasuri.md\/wp-content\/uploads\/cart-shopping-svgrepo-com.svg\"\n      alt=\"5 magazine de retail\"\n      class=\"cg-about-features__icon cg-about-features__icon--cart\"\n    >\n    <span class=\"cg-about-features__text\">5 magazine de retail<\/span>\n  <\/div>\n\n<\/div>\n<\/div>\n\n\n\n<div class=\"wp-block-group alignwide has-background is-layout-constrained wp-container-core-group-is-layout-19df7c45 wp-block-group-is-layout-constrained\" style=\"background-color:#f5f3f3;padding-top:18px;padding-right:20px;padding-bottom:18px;padding-left:20px\">\n<p>Cronograf este un retailer recunoscut al unor m\u0103rci celebre de ceasuri clasice, elegante \u0219i exclusive pe pia\u021ba din Moldova. Fondat\u0103 \u00een 1994, compania a lucrat zeci de ani pentru a r\u0103spunde nevoilor \u0219i aspira\u021biilor clien\u021bilor no\u0219tri. Suntem m\u00e2ndri c\u0103 suntem dealerul exclusiv \u0219i partenerul acreditat al tuturor m\u0103rcilor pe care le reprezent\u0103m pe site-ul nostru. Toate ceasurile de pe site sunt autentice, \u0219i dispun precum de garan\u021bie oficial\u0103 interna\u021bional\u0103,at\u00eet \u0219i local\u0103<br>\u00een atelierele autorizate ale companiei.<\/p>\n\n\n\n<p>Toate ceasurile sunt \u00een depozitul nostru \u0219i \u00een magazine Cronograf. Suntem siguri c\u0103 ve\u021bi g\u0103si un produs care se potrive\u0219te perfect nevoilor dvs. Oferim ceasuri clasice, elegante \u0219i electronice de la m\u0103rci precum Casio, Seiko, OrientStar, Fossil, Bulova, Military Swiss by Chrono, Emporio Armani, Michael Kors \u0219i multe altele.<\/p>\n<\/div>\n\n\n\n<h6 class=\"wp-block-heading has-text-align-center has-black-color has-text-color has-link-color wp-elements-33fb201e58c256346f9ee5451f56320b\" style=\"font-size:clamp(14px, 0.875rem + ((1vw - 3.2px) * 0.313), 18px);\">PARTENERII COMPANIEI<\/h6>\n\n\n\n<div class=\"wp-block-group alignwide cg-partners-wrap is-layout-constrained wp-block-group-is-layout-constrained\" style=\"margin-bottom:30px\">\n<div class=\"wp-block-columns are-vertically-aligned-center cg-partners is-layout-flex wp-container-core-columns-is-layout-28f84493 wp-block-columns-is-layout-flex\">\n<div class=\"wp-block-column is-layout-flow wp-block-column-is-layout-flow\">\n<figure class=\"wp-block-image size-full cg-logo cg-logo--chasov\"><img loading=\"lazy\" decoding=\"async\" width=\"600\" height=\"176\" src=\"http:\/\/ceasuri.md\/wp-content\/uploads\/chasov.webp\" alt=\"\" class=\"wp-image-7715\" srcset=\"https:\/\/ceasuri.md\/wp-content\/uploads\/chasov.webp 600w, https:\/\/ceasuri.md\/wp-content\/uploads\/chasov-300x88.webp 300w, https:\/\/ceasuri.md\/wp-content\/uploads\/chasov-150x44.webp 150w, https:\/\/ceasuri.md\/wp-content\/uploads\/chasov-18x5.webp 18w, https:\/\/ceasuri.md\/wp-content\/uploads\/chasov-360x106.webp 360w\" sizes=\"auto, (max-width: 600px) 100vw, 600px\" \/><\/figure>\n<\/div>\n\n\n\n<div class=\"wp-block-column is-layout-flow wp-block-column-is-layout-flow\">\n<figure class=\"wp-block-image size-full cg-logo cg-logo--panda\"><img loading=\"lazy\" decoding=\"async\" width=\"360\" height=\"200\" src=\"http:\/\/ceasuri.md\/wp-content\/uploads\/panda.avif\" alt=\"\" class=\"wp-image-7716\" srcset=\"https:\/\/ceasuri.md\/wp-content\/uploads\/panda.avif 360w, https:\/\/ceasuri.md\/wp-content\/uploads\/panda-300x167.avif 300w, https:\/\/ceasuri.md\/wp-content\/uploads\/panda-150x83.avif 150w, https:\/\/ceasuri.md\/wp-content\/uploads\/panda-18x10.avif 18w\" sizes=\"auto, (max-width: 360px) 100vw, 360px\" \/><\/figure>\n<\/div>\n\n\n\n<div class=\"wp-block-column is-layout-flow wp-block-column-is-layout-flow\">\n<figure class=\"wp-block-image size-full cg-logo cg-logo--instyle\"><img loading=\"lazy\" decoding=\"async\" width=\"300\" height=\"100\" src=\"http:\/\/ceasuri.md\/wp-content\/uploads\/instyle_logo.webp\" alt=\"\" class=\"wp-image-7717\" srcset=\"https:\/\/ceasuri.md\/wp-content\/uploads\/instyle_logo.webp 300w, https:\/\/ceasuri.md\/wp-content\/uploads\/instyle_logo-150x50.webp 150w, https:\/\/ceasuri.md\/wp-content\/uploads\/instyle_logo-18x6.webp 18w\" sizes=\"auto, (max-width: 300px) 100vw, 300px\" \/><\/figure>\n<\/div>\n\n\n\n<div class=\"wp-block-column is-layout-flow wp-block-column-is-layout-flow\">\n<figure class=\"wp-block-image size-full cg-logo cg-logo--aqua\"><img loading=\"lazy\" decoding=\"async\" width=\"315\" height=\"80\" src=\"http:\/\/ceasuri.md\/wp-content\/uploads\/aqua.avif\" alt=\"\" class=\"wp-image-7714\" srcset=\"https:\/\/ceasuri.md\/wp-content\/uploads\/aqua.avif 315w, https:\/\/ceasuri.md\/wp-content\/uploads\/aqua-300x76.avif 300w, https:\/\/ceasuri.md\/wp-content\/uploads\/aqua-150x38.avif 150w, https:\/\/ceasuri.md\/wp-content\/uploads\/aqua-18x5.avif 18w\" sizes=\"auto, (max-width: 315px) 100vw, 315px\" \/><\/figure>\n<\/div>\n\n\n\n<div class=\"wp-block-column is-layout-flow wp-block-column-is-layout-flow\">\n<figure class=\"wp-block-image size-full cg-logo cg-logo--sanatate\"><img loading=\"lazy\" decoding=\"async\" width=\"255\" height=\"114\" src=\"http:\/\/ceasuri.md\/wp-content\/uploads\/sanatate_logo_ru.webp\" alt=\"\" class=\"wp-image-7718\" srcset=\"https:\/\/ceasuri.md\/wp-content\/uploads\/sanatate_logo_ru.webp 255w, https:\/\/ceasuri.md\/wp-content\/uploads\/sanatate_logo_ru-150x67.webp 150w, https:\/\/ceasuri.md\/wp-content\/uploads\/sanatate_logo_ru-18x8.webp 18w\" sizes=\"auto, (max-width: 255px) 100vw, 255px\" \/><\/figure>\n<\/div>\n<\/div>\n<\/div>","protected":false},"excerpt":{"rendered":"<p>DESPRE FIRM\u0102&nbsp;CRONOGRAF Bine a\u021bi venit pe site-ul magazinului nostru online. Cu siguran\u021b\u0103 sunte\u021bi aici, deoarece c\u0103uta\u021bi un ceas care s\u0103 r\u0103spund\u0103 tuturor a\u0219tept\u0103rilor dvs. Acestea vor deveni un accesoriu elegant \u0219i te vor \u00eenso\u021bi \u00een fiecare zi. Felicit\u0103ri! Ai g\u0103sit cel mai bun loc \u00een net. Ceasurile sunt pasiunea noastr\u0103, pe care ne-am specializat de [&hellip;]<\/p>\n","protected":false},"author":1,"featured_media":0,"parent":0,"menu_order":0,"comment_status":"closed","ping_status":"closed","template":"","meta":{"_acf_changed":false,"footnotes":""},"class_list":["post-4493","page","type-page","status-publish","hentry"],"blocksy_meta":[],"acf":[],"yoast_head":"<!-- This site is optimized with the Yoast SEO plugin v27.3 - https:\/\/yoast.com\/product\/yoast-seo-wordpress\/ -->\n<title>Despre noi - Cronograf<\/title>\n<meta name=\"robots\" content=\"index, follow, max-snippet:-1, max-image-preview:large, max-video-preview:-1\" \/>\n<link rel=\"canonical\" href=\"https:\/\/ceasuri.md\/ru\/despre-noi\/\" \/>\n<meta property=\"og:locale\" content=\"ru_RU\" \/>\n<meta property=\"og:type\" content=\"article\" \/>\n<meta property=\"og:title\" content=\"Despre noi - Cronograf\" \/>\n<meta property=\"og:description\" content=\"DESPRE FIRM\u0102&nbsp;CRONOGRAF Bine a\u021bi venit pe site-ul magazinului nostru online. Cu siguran\u021b\u0103 sunte\u021bi aici, deoarece c\u0103uta\u021bi un ceas care s\u0103 r\u0103spund\u0103 tuturor a\u0219tept\u0103rilor dvs. Acestea vor deveni un accesoriu elegant \u0219i te vor \u00eenso\u021bi \u00een fiecare zi. Felicit\u0103ri! Ai g\u0103sit cel mai bun loc \u00een net. Ceasurile sunt pasiunea noastr\u0103, pe care ne-am specializat de [&hellip;]\" \/>\n<meta property=\"og:url\" content=\"https:\/\/ceasuri.md\/ru\/despre-noi\/\" \/>\n<meta property=\"og:site_name\" content=\"Cronograf\" \/>\n<meta property=\"article:modified_time\" content=\"2026-03-27T10:32:37+00:00\" \/>\n<meta name=\"twitter:card\" content=\"summary_large_image\" \/>\n<meta name=\"twitter:label1\" content=\"\u041f\u0440\u0438\u043c\u0435\u0440\u043d\u043e\u0435 \u0432\u0440\u0435\u043c\u044f \u0434\u043b\u044f \u0447\u0442\u0435\u043d\u0438\u044f\" \/>\n\t<meta name=\"twitter:data1\" content=\"1 \u043c\u0438\u043d\u0443\u0442\u0430\" \/>\n<script type=\"application\/ld+json\" class=\"yoast-schema-graph\">{\"@context\":\"https:\\\/\\\/schema.org\",\"@graph\":[{\"@type\":\"WebPage\",\"@id\":\"https:\\\/\\\/ceasuri.md\\\/despre-noi\\\/\",\"url\":\"https:\\\/\\\/ceasuri.md\\\/despre-noi\\\/\",\"name\":\"Despre noi - Cronograf\",\"isPartOf\":{\"@id\":\"https:\\\/\\\/ceasuri.md\\\/ru\\\/#website\"},\"primaryImageOfPage\":{\"@id\":\"https:\\\/\\\/ceasuri.md\\\/despre-noi\\\/#primaryimage\"},\"image\":{\"@id\":\"https:\\\/\\\/ceasuri.md\\\/despre-noi\\\/#primaryimage\"},\"thumbnailUrl\":\"http:\\\/\\\/ceasuri.md\\\/wp-content\\\/uploads\\\/img_7116.avif\",\"datePublished\":\"2025-12-27T10:07:26+00:00\",\"dateModified\":\"2026-03-27T10:32:37+00:00\",\"breadcrumb\":{\"@id\":\"https:\\\/\\\/ceasuri.md\\\/despre-noi\\\/#breadcrumb\"},\"inLanguage\":\"ru-RU\",\"potentialAction\":[{\"@type\":\"ReadAction\",\"target\":[\"https:\\\/\\\/ceasuri.md\\\/despre-noi\\\/\"]}]},{\"@type\":\"ImageObject\",\"inLanguage\":\"ru-RU\",\"@id\":\"https:\\\/\\\/ceasuri.md\\\/despre-noi\\\/#primaryimage\",\"url\":\"http:\\\/\\\/ceasuri.md\\\/wp-content\\\/uploads\\\/img_7116.avif\",\"contentUrl\":\"http:\\\/\\\/ceasuri.md\\\/wp-content\\\/uploads\\\/img_7116.avif\"},{\"@type\":\"BreadcrumbList\",\"@id\":\"https:\\\/\\\/ceasuri.md\\\/despre-noi\\\/#breadcrumb\",\"itemListElement\":[{\"@type\":\"ListItem\",\"position\":1,\"name\":\"Home\",\"item\":\"https:\\\/\\\/ceasuri.md\\\/\"},{\"@type\":\"ListItem\",\"position\":2,\"name\":\"Despre noi\"}]},{\"@type\":\"WebSite\",\"@id\":\"https:\\\/\\\/ceasuri.md\\\/ru\\\/#website\",\"url\":\"https:\\\/\\\/ceasuri.md\\\/ru\\\/\",\"name\":\"Cronograf\",\"description\":\"\",\"publisher\":{\"@id\":\"https:\\\/\\\/ceasuri.md\\\/ru\\\/#organization\"},\"potentialAction\":[{\"@type\":\"SearchAction\",\"target\":{\"@type\":\"EntryPoint\",\"urlTemplate\":\"https:\\\/\\\/ceasuri.md\\\/ru\\\/?s={search_term_string}\"},\"query-input\":{\"@type\":\"PropertyValueSpecification\",\"valueRequired\":true,\"valueName\":\"search_term_string\"}}],\"inLanguage\":\"ru-RU\"},{\"@type\":\"Organization\",\"@id\":\"https:\\\/\\\/ceasuri.md\\\/ru\\\/#organization\",\"name\":\"Cronograf\",\"url\":\"https:\\\/\\\/ceasuri.md\\\/ru\\\/\",\"logo\":{\"@type\":\"ImageObject\",\"inLanguage\":\"ru-RU\",\"@id\":\"https:\\\/\\\/ceasuri.md\\\/ru\\\/#\\\/schema\\\/logo\\\/image\\\/\",\"url\":\"https:\\\/\\\/ceasuri.md\\\/wp-content\\\/uploads\\\/2025\\\/12\\\/Logo.svg\",\"contentUrl\":\"https:\\\/\\\/ceasuri.md\\\/wp-content\\\/uploads\\\/2025\\\/12\\\/Logo.svg\",\"width\":3338,\"height\":811,\"caption\":\"Cronograf\"},\"image\":{\"@id\":\"https:\\\/\\\/ceasuri.md\\\/ru\\\/#\\\/schema\\\/logo\\\/image\\\/\"}}]}<\/script>\n<!-- \/ Yoast SEO plugin. -->","yoast_head_json":{"title":"Despre noi - Cronograf","robots":{"index":"index","follow":"follow","max-snippet":"max-snippet:-1","max-image-preview":"max-image-preview:large","max-video-preview":"max-video-preview:-1"},"canonical":"https:\/\/ceasuri.md\/ru\/despre-noi\/","og_locale":"ru_RU","og_type":"article","og_title":"Despre noi - Cronograf","og_description":"DESPRE FIRM\u0102&nbsp;CRONOGRAF Bine a\u021bi venit pe site-ul magazinului nostru online. Cu siguran\u021b\u0103 sunte\u021bi aici, deoarece c\u0103uta\u021bi un ceas care s\u0103 r\u0103spund\u0103 tuturor a\u0219tept\u0103rilor dvs. Acestea vor deveni un accesoriu elegant \u0219i te vor \u00eenso\u021bi \u00een fiecare zi. Felicit\u0103ri! Ai g\u0103sit cel mai bun loc \u00een net. Ceasurile sunt pasiunea noastr\u0103, pe care ne-am specializat de [&hellip;]","og_url":"https:\/\/ceasuri.md\/ru\/despre-noi\/","og_site_name":"Cronograf","article_modified_time":"2026-03-27T10:32:37+00:00","twitter_card":"summary_large_image","twitter_misc":{"\u041f\u0440\u0438\u043c\u0435\u0440\u043d\u043e\u0435 \u0432\u0440\u0435\u043c\u044f \u0434\u043b\u044f \u0447\u0442\u0435\u043d\u0438\u044f":"1 \u043c\u0438\u043d\u0443\u0442\u0430"},"schema":{"@context":"https:\/\/schema.org","@graph":[{"@type":"WebPage","@id":"https:\/\/ceasuri.md\/despre-noi\/","url":"https:\/\/ceasuri.md\/despre-noi\/","name":"Despre noi - Cronograf","isPartOf":{"@id":"https:\/\/ceasuri.md\/ru\/#website"},"primaryImageOfPage":{"@id":"https:\/\/ceasuri.md\/despre-noi\/#primaryimage"},"image":{"@id":"https:\/\/ceasuri.md\/despre-noi\/#primaryimage"},"thumbnailUrl":"http:\/\/ceasuri.md\/wp-content\/uploads\/img_7116.avif","datePublished":"2025-12-27T10:07:26+00:00","dateModified":"2026-03-27T10:32:37+00:00","breadcrumb":{"@id":"https:\/\/ceasuri.md\/despre-noi\/#breadcrumb"},"inLanguage":"ru-RU","potentialAction":[{"@type":"ReadAction","target":["https:\/\/ceasuri.md\/despre-noi\/"]}]},{"@type":"ImageObject","inLanguage":"ru-RU","@id":"https:\/\/ceasuri.md\/despre-noi\/#primaryimage","url":"http:\/\/ceasuri.md\/wp-content\/uploads\/img_7116.avif","contentUrl":"http:\/\/ceasuri.md\/wp-content\/uploads\/img_7116.avif"},{"@type":"BreadcrumbList","@id":"https:\/\/ceasuri.md\/despre-noi\/#breadcrumb","itemListElement":[{"@type":"ListItem","position":1,"name":"Home","item":"https:\/\/ceasuri.md\/"},{"@type":"ListItem","position":2,"name":"Despre noi"}]},{"@type":"WebSite","@id":"https:\/\/ceasuri.md\/ru\/#website","url":"https:\/\/ceasuri.md\/ru\/","name":"Cronograf","description":"","publisher":{"@id":"https:\/\/ceasuri.md\/ru\/#organization"},"potentialAction":[{"@type":"SearchAction","target":{"@type":"EntryPoint","urlTemplate":"https:\/\/ceasuri.md\/ru\/?s={search_term_string}"},"query-input":{"@type":"PropertyValueSpecification","valueRequired":true,"valueName":"search_term_string"}}],"inLanguage":"ru-RU"},{"@type":"Organization","@id":"https:\/\/ceasuri.md\/ru\/#organization","name":"Cronograf","url":"https:\/\/ceasuri.md\/ru\/","logo":{"@type":"ImageObject","inLanguage":"ru-RU","@id":"https:\/\/ceasuri.md\/ru\/#\/schema\/logo\/image\/","url":"https:\/\/ceasuri.md\/wp-content\/uploads\/2025\/12\/Logo.svg","contentUrl":"https:\/\/ceasuri.md\/wp-content\/uploads\/2025\/12\/Logo.svg","width":3338,"height":811,"caption":"Cronograf"},"image":{"@id":"https:\/\/ceasuri.md\/ru\/#\/schema\/logo\/image\/"}}]}},"_links":{"self":[{"href":"https:\/\/ceasuri.md\/ru\/wp-json\/wp\/v2\/pages\/4493","targetHints":{"allow":["GET"]}}],"collection":[{"href":"https:\/\/ceasuri.md\/ru\/wp-json\/wp\/v2\/pages"}],"about":[{"href":"https:\/\/ceasuri.md\/ru\/wp-json\/wp\/v2\/types\/page"}],"author":[{"embeddable":true,"href":"https:\/\/ceasuri.md\/ru\/wp-json\/wp\/v2\/users\/1"}],"replies":[{"embeddable":true,"href":"https:\/\/ceasuri.md\/ru\/wp-json\/wp\/v2\/comments?post=4493"}],"version-history":[{"count":25,"href":"https:\/\/ceasuri.md\/ru\/wp-json\/wp\/v2\/pages\/4493\/revisions"}],"predecessor-version":[{"id":7738,"href":"https:\/\/ceasuri.md\/ru\/wp-json\/wp\/v2\/pages\/4493\/revisions\/7738"}],"wp:attachment":[{"href":"https:\/\/ceasuri.md\/ru\/wp-json\/wp\/v2\/media?parent=4493"}],"curies":[{"name":"wp","href":"https:\/\/api.w.org\/{rel}","templated":true}]}}